{"id":70,"date":"2011-04-19T18:44:32","date_gmt":"2011-04-19T18:44:32","guid":{"rendered":"http:\/\/www.karmeloswiecim.opw.pl\/?page_id=70"},"modified":"2020-09-16T18:56:05","modified_gmt":"2020-09-16T18:56:05","slug":"u-boku-swietego-jozefa","status":"publish","type":"page","link":"https:\/\/www.karmeloswiecim.opw.pl\/?page_id=70","title":{"rendered":"U boku \u015bwi\u0119tego J\u00f3zefa"},"content":{"rendered":"<p lang=\"zxx\" align=\"center\"><span style=\"color: #333333;\"><span style=\"font-family: Gabriola, fantasy;\"><span style=\"font-size: x-large;\">Tam, gdzie jest Jezus i Maryja &#8211; zawsze obecny jest tak\u017ce \u015aw. J\u00f3zef<\/span><\/span><\/span><strong><span style=\"color: #333333;\"><span style=\"font-family: Gabriola, fantasy;\"><span style=\"font-size: x-large;\"><b>.\u00a0 <\/b><\/span><\/span><\/span><\/strong><span style=\"color: #333333;\"><span style=\"font-family: Gabriola, fantasy;\"><span style=\"font-size: x-large;\">Jak w ca\u0142ym Zakonie, tak i w naszej wsp\u00f3lnocie jest On czczony jako niezawodny Opiekun i troskliwy Gospodarz. Jest Mistrzem \u017cycia duchowego- bo w Swych d\u0142oniach piastowa\u0142 prawdziwego Boga, kt\u00f3ry zechcia\u0142 nazywa\u0107 si\u0119 Jego Synem, adorowa\u0142 Go z mi\u0142o\u015bci\u0105 i po\u015bwi\u0119ci\u0142 Mu ca\u0142e Swoje \u017cycie. Ale jako troskliwy \u017bywiciel i odpowiedzialny Opiekun \u015aw. Rodziny zna si\u0119 \u015bwietnie na najzwyklejszych sprawach codziennego \u017cycia i przychodzi nam z pomoc\u0105 wsz\u0119dzie tam, gdzie potrzebujemy Jego mocnej, gospodarskiej r\u0119ki.<\/span><\/span><\/span><\/p>\n\n\n<ul class=\"wp-container-2 wp-block-gallery-1 wp-block-gallery columns-3 is-cropped\"><li class=\"blocks-gallery-item\"><figure><a href=\"http:\/\/www.karmeloswiecim.opw.pl\/wp-content\/uploads\/2019\/07\/100_0919s.jpg\"><img loading=\"lazy\" width=\"544\" height=\"723\" src=\"http:\/\/www.karmeloswiecim.opw.pl\/wp-content\/uploads\/2019\/07\/100_0919s.jpg\" alt=\"\" data-id=\"1986\" data-link=\"http:\/\/www.karmeloswiecim.opw.pl\/?attachment_id=1986\" class=\"wp-image-1986\" srcset=\"https:\/\/www.karmeloswiecim.opw.pl\/wp-content\/uploads\/2019\/07\/100_0919s.jpg 544w, https:\/\/www.karmeloswiecim.opw.pl\/wp-content\/uploads\/2019\/07\/100_0919s-226x300.jpg 226w\" sizes=\"(max-width: 544px) 100vw, 544px\" \/><\/a><\/figure><\/li><li class=\"blocks-gallery-item\"><figure><a href=\"http:\/\/www.karmeloswiecim.opw.pl\/wp-content\/uploads\/2019\/07\/\u015bww.J\u00f3zef1.jpg\"><img loading=\"lazy\" width=\"544\" height=\"816\" src=\"http:\/\/www.karmeloswiecim.opw.pl\/wp-content\/uploads\/2019\/07\/\u015bww.J\u00f3zef1.jpg\" alt=\"\" data-id=\"1997\" data-link=\"http:\/\/www.karmeloswiecim.opw.pl\/?attachment_id=1997\" class=\"wp-image-1997\" srcset=\"https:\/\/www.karmeloswiecim.opw.pl\/wp-content\/uploads\/2019\/07\/\u015bww.J\u00f3zef1.jpg 544w, https:\/\/www.karmeloswiecim.opw.pl\/wp-content\/uploads\/2019\/07\/\u015bww.J\u00f3zef1-200x300.jpg 200w\" sizes=\"(max-width: 544px) 100vw, 544px\" \/><\/a><\/figure><\/li><li class=\"blocks-gallery-item\"><figure><a href=\"http:\/\/www.karmeloswiecim.opw.pl\/wp-content\/uploads\/2019\/07\/\u015bw.J\u00f3zef3.jpg\"><img loading=\"lazy\" width=\"544\" height=\"723\" src=\"http:\/\/www.karmeloswiecim.opw.pl\/wp-content\/uploads\/2019\/07\/\u015bw.J\u00f3zef3.jpg\" alt=\"\" data-id=\"2014\" data-link=\"http:\/\/www.karmeloswiecim.opw.pl\/?attachment_id=2014\" class=\"wp-image-2014\" srcset=\"https:\/\/www.karmeloswiecim.opw.pl\/wp-content\/uploads\/2019\/07\/\u015bw.J\u00f3zef3.jpg 544w, https:\/\/www.karmeloswiecim.opw.pl\/wp-content\/uploads\/2019\/07\/\u015bw.J\u00f3zef3-226x300.jpg 226w\" sizes=\"(max-width: 544px) 100vw, 544px\" \/><\/a><\/figure><\/li><\/ul>\n","protected":false},"excerpt":{"rendered":"<p>Tam, gdzie jest Jezus i Maryja &#8211; zawsze obecny jest tak\u017ce \u015aw. J\u00f3zef.\u00a0 Jak w ca\u0142ym Zakonie, tak i w naszej wsp\u00f3lnocie jest On czczony jako niezawodny Opiekun i troskliwy Gospodarz. Jest Mistrzem \u017cycia duchowego- bo w Swych d\u0142oniach piastowa\u0142 prawdziwego Boga, kt\u00f3ry zechcia\u0142 nazywa\u0107 si\u0119 Jego Synem, adorowa\u0142 Go z mi\u0142o\u015bci\u0105 i po\u015bwi\u0119ci\u0142 Mu &hellip; <\/p>\n<p class=\"link-more\"><a href=\"https:\/\/www.karmeloswiecim.opw.pl\/?page_id=70\" class=\"more-link\">Czytaj dalej<span class=\"screen-reader-text\"> U boku \u015bwi\u0119tego J\u00f3zefa<\/span><\/a><\/p>\n","protected":false},"author":1,"featured_media":0,"parent":30,"menu_order":31,"comment_status":"closed","ping_status":"closed","template":"","meta":[],"_links":{"self":[{"href":"https:\/\/www.karmeloswiecim.opw.pl\/index.php?rest_route=\/wp\/v2\/pages\/70"}],"collection":[{"href":"https:\/\/www.karmeloswiecim.opw.pl\/index.php?rest_route=\/wp\/v2\/pages"}],"about":[{"href":"https:\/\/www.karmeloswiecim.opw.pl\/index.php?rest_route=\/wp\/v2\/types\/page"}],"author":[{"embeddable":true,"href":"https:\/\/www.karmeloswiecim.opw.pl\/index.php?rest_route=\/wp\/v2\/users\/1"}],"replies":[{"embeddable":true,"href":"https:\/\/www.karmeloswiecim.opw.pl\/index.php?rest_route=%2Fwp%2Fv2%2Fcomments&post=70"}],"version-history":[{"count":9,"href":"https:\/\/www.karmeloswiecim.opw.pl\/index.php?rest_route=\/wp\/v2\/pages\/70\/revisions"}],"predecessor-version":[{"id":2363,"href":"https:\/\/www.karmeloswiecim.opw.pl\/index.php?rest_route=\/wp\/v2\/pages\/70\/revisions\/2363"}],"up":[{"embeddable":true,"href":"https:\/\/www.karmeloswiecim.opw.pl\/index.php?rest_route=\/wp\/v2\/pages\/30"}],"wp:attachment":[{"href":"https:\/\/www.karmeloswiecim.opw.pl\/index.php?rest_route=%2Fwp%2Fv2%2Fmedia&parent=70"}],"curies":[{"name":"wp","href":"https:\/\/api.w.org\/{rel}","templated":true}]}}