{"id":657,"date":"2012-01-17T09:14:18","date_gmt":"2012-01-17T09:14:18","guid":{"rendered":"http:\/\/www.karmeloswiecim.opw.pl\/?page_id=657"},"modified":"2025-06-27T08:14:12","modified_gmt":"2025-06-27T08:14:12","slug":"szkaplerz-karmelitanski","status":"publish","type":"page","link":"https:\/\/www.karmeloswiecim.opw.pl\/?page_id=657","title":{"rendered":"Szkaplerz karmelita\u0144ski"},"content":{"rendered":"\n<p>Karmelici, Karmelitanki i wszyscy odziani Szkaplerzem Naj\u015bwi\u0119tszej Marii Panny z G\u00f3ry Karmel, maj\u0105 pow\u00f3d do wielkiego wesela i wielkiej rado\u015bci. Maryja ocali\u0142a zakon od \u015bmierci i da\u0142a im znak zbawienia. Gdy zakon mia\u0142 przesta\u0107 istnie\u0107, 16 lipca 1251 roku Matka Bo\u017ca ukaza\u0142a si\u0119 \u015bw. Szymonowi Stock, genera\u0142owi Zakonu Karmelita\u0144skiego, i podaj\u0105c mu Szkaplerz, powiedzia\u0142a:<\/p>\n\n\n\n<div class=\"wp-block-cover has-custom-content-position is-position-bottom-center\" style=\"min-height:794px\"><span aria-hidden=\"true\" class=\"wp-block-cover__background has-background-dim\"><\/span><img loading=\"lazy\" width=\"304\" height=\"436\" class=\"wp-block-cover__image-background wp-image-2870\" alt=\"\" src=\"http:\/\/www.karmeloswiecim.opw.pl\/wp-content\/uploads\/2024\/06\/mb.jpg\" data-object-fit=\"cover\"\/><div class=\"wp-block-cover__inner-container\">\n<blockquote class=\"wp-block-quote has-text-align-center has-white-color has-text-color\" style=\"font-size:24px;font-style:italic;font-weight:600\"><p>Przyjmij najmilszy synu Szkaplerz twojego Zakonu. Przywilej dla ciebie i Karmelit\u00f3w. <br>Znak zbawienia, przymierze pokoju i wiecznego&nbsp; zobowi\u0105zania, ratunek w niebezpiecze\u0144stwach. <br>Kto w nim umrze, nie dozna ognia piekielnego.<\/p><\/blockquote>\n<\/div><\/div>\n\n\n\n<p><br>Jej to zawdzi\u0119czamy, \u017ce Zakon Karmelita\u0144ski \u017cyje w Ko\u015bciele. Od tamtego dnia Szkaplerz sta\u0142 si\u0119 dla Karmelit\u00f3w, a przez Karmel dla ca\u0142ego Ko\u015bcio\u0142a, najwi\u0119kszym darem.<\/p>\n\n\n\n<p>&nbsp;Z tymi dwoma br\u0105zowymi p\u0142atkami sukna z\u0142\u0105czone s\u0105&nbsp;<strong>cztery wielkie obietnice :<\/strong><\/p>\n\n\n\n<blockquote class=\"wp-block-quote has-text-align-center has-black-color has-text-color has-medium-font-size\"><p>1. Ocalenie od pot\u0119pienia wiecznego &#8222;<strong>Kto w nim umrze, nie<\/strong> <strong>dozna ognia piekielnego&#8221;<\/strong>.<br><br>2. Wybawienie od czy\u015b\u0107ca i wprowadzenie do nieba &#8222;<strong>Ja Matka, w pierwsz\u0105 sobot\u0119 po ich \u015bmierci, zst\u0105pi\u0119 do<\/strong> <strong>czy\u015b\u0107ca i ilu ich tam zastan\u0119, wprowadz\u0119 na g\u00f3r\u0119 \u017cycia<\/strong> <strong>wiecznego&#8221;<\/strong>.<br><br>3. Zapewnienie\u00a0<strong>opieki Maryi<\/strong>. Ka\u017cdy, kto nosi Szkaplerz Karmelita\u0144ski jest pod szczeg\u00f3ln\u0105 opiek\u0105 Matki Bo\u017cej za \u017cycia, a zw\u0142aszcza w godzin\u0119 \u015bmierci.<br><br>4.\u00a0<strong>Jedno\u015b\u0107 z ca\u0142ym Zakonem<\/strong>.<\/p><\/blockquote>\n\n\n\n<p>Ka\u017cdy odziany Szkaplerzem \u015bw. w\u0142\u0105czony jest do Zakonu Karmelita\u0144skiego i ma udzia\u0142 we wszystkich jego dobrach duchowych. Jak\u017ce wi\u0119c si\u0119 nie weseli\u0107?&nbsp; S\u0105 to najwi\u0119ksze obietnice dane przez sam\u0105 Matk\u0119 Boga. Jak si\u0119 dzi\u015b nie radowa\u0107, skoro B\u00f3g sam przyodzia\u0142 nas w br\u0105zowe szaty zbawienia i okry\u0142 bia\u0142ym p\u0142aszczem sprawiedliwo\u015bci. Naprawd\u0119 to jest mo\u017cliwe, ten tak niepozorny znak zawiera wielkie obietnice. Obietnice, kt\u00f3re uczyni\u0142a Maryja , nikt z Karmelit\u00f3w. Da\u0142a obietnice i zwi\u0105za\u0142a ich spe\u0142nienie z tymi p\u0142atkami sukna. Albowiem <strong>maj\u0105 one&nbsp;<u><strong>poczw\u00f3rne<\/strong><\/u>&nbsp;znaczenie :<\/strong><\/p>\n\n\n\n<blockquote class=\"wp-block-quote has-black-color has-text-color has-medium-font-size\"><p>&nbsp;1. Jest to&nbsp;<strong>znak samej osoby Maryi<\/strong>, z kt\u00f3rym Ona si\u0119 uto\u017csamia. Jest szat\u0105 Naj\u015bwi\u0119tszej Marii&nbsp; Panny. Ka\u017cdy, kto&nbsp; przyjmuje Szkaplerz, Maryj\u0119 przyjmuje.<br><br>2. Jest to&nbsp;<strong>znak przymierza z Maryj\u0105<\/strong>, w kt\u00f3rym stajemy si\u0119 Jej dzie\u0107mi, przyjaci\u00f3\u0142mi, s\u0142ugami i bra\u0107mi, a Ona nasz\u0105 Przyjaci\u00f3\u0142k\u0105, Pani\u0105, Kr\u00f3low\u0105,&nbsp; Matk\u0105 i Siostr\u0105.<br><br>3. Jest to&nbsp;<strong>znak \u0142aski i obrony Maryi&nbsp;<\/strong>przed niebezpiecze\u0144stwami gro\u017c\u0105cymi duszy i cia\u0142u, ratunek i znak ocalenia od pot\u0119pienia wiecznego.<br><br>4.Jest to znak&nbsp;<strong>po\u015bwi\u0119cenia si\u0119 Niepokalanemu Sercu Maryi<\/strong>&nbsp;oraz na\u015bladowania Jej cn\u00f3t.<\/p><\/blockquote>\n\n\n\n<div class=\"wp-block-cover\" style=\"min-height:389px\"><span aria-hidden=\"true\" class=\"wp-block-cover__background has-background-dim\"><\/span><img loading=\"lazy\" width=\"1931\" height=\"1085\" class=\"wp-block-cover__image-background wp-image-2660\" alt=\"\" src=\"http:\/\/www.karmeloswiecim.opw.pl\/wp-content\/uploads\/2022\/09\/IMG_20220809_175931.jpg\" data-object-fit=\"cover\" srcset=\"https:\/\/www.karmeloswiecim.opw.pl\/wp-content\/uploads\/2022\/09\/IMG_20220809_175931.jpg 1931w, https:\/\/www.karmeloswiecim.opw.pl\/wp-content\/uploads\/2022\/09\/IMG_20220809_175931-1200x674.jpg 1200w, https:\/\/www.karmeloswiecim.opw.pl\/wp-content\/uploads\/2022\/09\/IMG_20220809_175931-768x432.jpg 768w, https:\/\/www.karmeloswiecim.opw.pl\/wp-content\/uploads\/2022\/09\/IMG_20220809_175931-1536x863.jpg 1536w\" sizes=\"(max-width: 706px) 89vw, (max-width: 767px) 82vw, 740px\" \/><div class=\"wp-block-cover__inner-container\">\n<p class=\"has-text-align-left has-white-color has-text-color has-medium-font-size\">A wi\u0119c<strong>&nbsp;cztery obietnice&nbsp;<\/strong>i<strong>&nbsp;cztery znaczenia&nbsp;<\/strong>oraz&nbsp;<strong>tylko cztery zobowi\u0105zania<\/strong>. Przyjmuj\u0105c Szkaplerz, zobowi\u0105zujemy si\u0119 :<\/p>\n\n\n\n<p class=\"has-text-align-center has-white-color has-text-color\">1. Czyni\u0107&nbsp;<strong>pokut\u0119&nbsp;<\/strong>i walczy\u0107 z grzechem.<\/p>\n\n\n\n<p class=\"has-text-align-center\">2. Zachowywa\u0107&nbsp;<strong>czysto\u015b\u0107&nbsp;<\/strong>wed\u0142ug stanu.<\/p>\n\n\n\n<p class=\"has-text-align-center\">3.&nbsp;<strong>Modli\u0107 si\u0119 codziennie,&nbsp;<\/strong>zw\u0142aszcza modlitw\u0105 skierowan\u0105 do Maryi, np.&nbsp;<em>Pod Twoj\u0105 obron\u0119.<\/em><\/p>\n\n\n\n<p class=\"has-text-align-center\">4. Podejmowa\u0107 czynne&nbsp;<strong>apostolstwo&nbsp;<\/strong>szkaplerzne.<\/p>\n<\/div><\/div>\n\n\n\n<p><br>Przez ten znak spodoba\u0142o si\u0119 Maryi czyni\u0107 wielkie \u0142aski i cuda: uzdrawia\u0107 chorych, oddala\u0107 l\u0119ki, pociesza\u0107 i umacnia\u0107, dawa\u0107 \u0142ask\u0119 wiary, \u015bwiat\u0142o i si\u0142\u0119 do walki. <br>Je\u015bli wi\u0119c nosisz Szkaplerz, wierz w to, co otrzyma\u0142e\u015b i spodziewaj si\u0119 wype\u0142nienia obietnic. kt\u00f3re da\u0142a Maryja.<br>Je\u015bli nosisz Szkaplerz, nie jeste\u015b sam. Cokolwiek prze\u017cywasz, jest z tob\u0105 Maryja. Je\u015bli nosisz Szkaplerz, nie jeste\u015b s\u0142aby. Jest z tob\u0105 Ona, pe\u0142na mocy.<br>Je\u015bli nosisz Szkaplerz, nie musisz si\u0119 ba\u0107 \u015bmierci i tego, co b\u0119dzie po niej, gdy\u017c Ona czuwa nad tob\u0105 i ocali ci\u0119 od ognia piekielnego.<br>Szkaplerz \u015aw. jest tak\u017ce dla ciebie. Je\u015bli Maryja daje ci pragnienie oddania si\u0119 Jej poprzez ten znak , to si\u0119 nie l\u0119kaj! Wybierz Szkaplerz i pozosta\u0144 mu wierny a\u017c do \u015bmierci!<\/p>\n\n\n\n<blockquote class=\"wp-block-quote has-text-align-center has-black-color has-text-color\" style=\"font-size:28px\"><p>Maryja ocali ci\u0119, we\u017amie na r\u0119ce i&nbsp;zaniesie do domu Ojca w niebie.<\/p><cite>fragment &nbsp;z ksi\u0105\u017cki &nbsp;<br>O. Jana Ewangelisty Krawczyka,&nbsp; &#8222;Dar mojej Matki&#8221;<\/cite><\/blockquote>\n","protected":false},"excerpt":{"rendered":"<p>Karmelici, Karmelitanki i wszyscy odziani Szkaplerzem Naj\u015bwi\u0119tszej Marii Panny z G\u00f3ry Karmel, maj\u0105 pow\u00f3d do wielkiego wesela i wielkiej rado\u015bci. Maryja ocali\u0142a zakon od \u015bmierci i da\u0142a im znak zbawienia. Gdy zakon mia\u0142 przesta\u0107 istnie\u0107, 16 lipca 1251 roku Matka Bo\u017ca ukaza\u0142a si\u0119 \u015bw. Szymonowi Stock, genera\u0142owi Zakonu Karmelita\u0144skiego, i podaj\u0105c mu Szkaplerz, powiedzia\u0142a: Jej &hellip; <\/p>\n<p class=\"link-more\"><a href=\"https:\/\/www.karmeloswiecim.opw.pl\/?page_id=657\" class=\"more-link\">Czytaj dalej<span class=\"screen-reader-text\"> Szkaplerz karmelita\u0144ski<\/span><\/a><\/p>\n","protected":false},"author":2,"featured_media":0,"parent":0,"menu_order":4,"comment_status":"closed","ping_status":"closed","template":"","meta":[],"_links":{"self":[{"href":"https:\/\/www.karmeloswiecim.opw.pl\/index.php?rest_route=\/wp\/v2\/pages\/657"}],"collection":[{"href":"https:\/\/www.karmeloswiecim.opw.pl\/index.php?rest_route=\/wp\/v2\/pages"}],"about":[{"href":"https:\/\/www.karmeloswiecim.opw.pl\/index.php?rest_route=\/wp\/v2\/types\/page"}],"author":[{"embeddable":true,"href":"https:\/\/www.karmeloswiecim.opw.pl\/index.php?rest_route=\/wp\/v2\/users\/2"}],"replies":[{"embeddable":true,"href":"https:\/\/www.karmeloswiecim.opw.pl\/index.php?rest_route=%2Fwp%2Fv2%2Fcomments&post=657"}],"version-history":[{"count":26,"href":"https:\/\/www.karmeloswiecim.opw.pl\/index.php?rest_route=\/wp\/v2\/pages\/657\/revisions"}],"predecessor-version":[{"id":3012,"href":"https:\/\/www.karmeloswiecim.opw.pl\/index.php?rest_route=\/wp\/v2\/pages\/657\/revisions\/3012"}],"wp:attachment":[{"href":"https:\/\/www.karmeloswiecim.opw.pl\/index.php?rest_route=%2Fwp%2Fv2%2Fmedia&parent=657"}],"curies":[{"name":"wp","href":"https:\/\/api.w.org\/{rel}","templated":true}]}}