{"id":59,"date":"2011-04-19T18:02:41","date_gmt":"2011-04-19T18:02:41","guid":{"rendered":"http:\/\/www.karmeloswiecim.opw.pl\/?page_id=59"},"modified":"2024-10-15T08:41:46","modified_gmt":"2024-10-15T08:41:46","slug":"przy-sercu-maryji","status":"publish","type":"page","link":"https:\/\/www.karmeloswiecim.opw.pl\/?page_id=59","title":{"rendered":"Przy sercu Maryi"},"content":{"rendered":"<div class=\"wp-block-image\">\n<figure class=\"aligncenter size-full\"><img loading=\"lazy\" width=\"304\" height=\"436\" src=\"http:\/\/www.karmeloswiecim.opw.pl\/wp-content\/uploads\/2024\/06\/mb.jpg\" alt=\"\" class=\"wp-image-2870\"\/><\/figure><\/div>\n\n<p lang=\"zxx\" style=\"text-align: center;\" align=\"justify\"><span style=\"font-family: Gabriola, fantasy;\"><span style=\"font-size: x-large;\"><span style=\"color: #333333;\">W Sercu Maryi, naszej Siostry, Przyjaci\u00f3\u0142ki i Matki sk\u0142adamy nasze modlitwy i ofiary, nasze smutki i rado\u015bci. J\u0105 prosimy o wstawiennictwo, od Niej uczymy si\u0119 ochotnego pe\u0142nienia Woli Bo\u017cej. W modlitwie ws\u0142uchujemy si\u0119 w troski Jej Serca o zbawienie braci\u00a0 i czynimy je swoimi. U Niej szukamy ucieczki i schronienia w pokusach i przeciwno\u015bciach, a Szata Jej Szkaplerza, kt\u00f3r\u0105 nosimy na sobie, przypomina nam, \u017ce Maryja jest z nami, pragnie obdarza\u0107 nas \u0142askami i wzywa do wierno\u015bci Bogu. Do\u015bwiadczaj\u0105c we w\u0142asnym \u017cyciu jak wielkim darem Maryi jest Szkaplerz \u015awi\u0119ty zach\u0119camy tych, z kt\u00f3rymi mamy kontakt do przyj\u0119cia tego znaku Jej opieki, przez kt\u00f3ry pragnie Ona czyni\u0107 cuda w \u017cyciu ka\u017cdego, kto Jej zaufa.<\/span> <\/span><\/span><\/p>\n<p style=\"text-align: justify;\">\u00a0<\/p>","protected":false},"excerpt":{"rendered":"<p>W Sercu Maryi, naszej Siostry, Przyjaci\u00f3\u0142ki i Matki sk\u0142adamy nasze modlitwy i ofiary, nasze smutki i rado\u015bci. J\u0105 prosimy o wstawiennictwo, od Niej uczymy si\u0119 ochotnego pe\u0142nienia Woli Bo\u017cej. W modlitwie ws\u0142uchujemy si\u0119 w troski Jej Serca o zbawienie braci\u00a0 i czynimy je swoimi. U Niej szukamy ucieczki i schronienia w pokusach i przeciwno\u015bciach, a &hellip; <\/p>\n<p class=\"link-more\"><a href=\"https:\/\/www.karmeloswiecim.opw.pl\/?page_id=59\" class=\"more-link\">Czytaj dalej<span class=\"screen-reader-text\"> Przy sercu Maryi<\/span><\/a><\/p>\n","protected":false},"author":1,"featured_media":0,"parent":30,"menu_order":30,"comment_status":"closed","ping_status":"closed","template":"","meta":[],"_links":{"self":[{"href":"https:\/\/www.karmeloswiecim.opw.pl\/index.php?rest_route=\/wp\/v2\/pages\/59"}],"collection":[{"href":"https:\/\/www.karmeloswiecim.opw.pl\/index.php?rest_route=\/wp\/v2\/pages"}],"about":[{"href":"https:\/\/www.karmeloswiecim.opw.pl\/index.php?rest_route=\/wp\/v2\/types\/page"}],"author":[{"embeddable":true,"href":"https:\/\/www.karmeloswiecim.opw.pl\/index.php?rest_route=\/wp\/v2\/users\/1"}],"replies":[{"embeddable":true,"href":"https:\/\/www.karmeloswiecim.opw.pl\/index.php?rest_route=%2Fwp%2Fv2%2Fcomments&post=59"}],"version-history":[{"count":23,"href":"https:\/\/www.karmeloswiecim.opw.pl\/index.php?rest_route=\/wp\/v2\/pages\/59\/revisions"}],"predecessor-version":[{"id":2928,"href":"https:\/\/www.karmeloswiecim.opw.pl\/index.php?rest_route=\/wp\/v2\/pages\/59\/revisions\/2928"}],"up":[{"embeddable":true,"href":"https:\/\/www.karmeloswiecim.opw.pl\/index.php?rest_route=\/wp\/v2\/pages\/30"}],"wp:attachment":[{"href":"https:\/\/www.karmeloswiecim.opw.pl\/index.php?rest_route=%2Fwp%2Fv2%2Fmedia&parent=59"}],"curies":[{"name":"wp","href":"https:\/\/api.w.org\/{rel}","templated":true}]}}