{"id":4,"date":"2011-04-11T21:39:18","date_gmt":"2011-04-11T21:39:18","guid":{"rendered":"http:\/\/www.karmeloswiecim.opw.pl\/?page_id=4"},"modified":"2025-11-19T11:58:23","modified_gmt":"2025-11-19T11:58:23","slug":"witamy","status":"publish","type":"page","link":"https:\/\/www.karmeloswiecim.opw.pl\/","title":{"rendered":"Witamy"},"content":{"rendered":"<p><!--<img loading=\"lazy\" class=\"alignright size-full wp-image-164\" title=\"tabernakulum1\" src=\"http:\/\/www.karmeloswiecim.opw.pl\/wp-content\/uploads\/2019\/07\/tabernakulum1.jpg\" _mce_src=\"http:\/\/www.karmeloswiecim.opw.pl\/wp-content\/uploads\/2019\/07\/tabernakulum1.jpg\" alt=\"\" width=\"358\" height=\"449\" \/> --><\/p>\n<p style=\"text-align: center;\" align=\"center\">\n<p align=\"center\"><span style=\"color: #333333;\"><span style=\"font-family: Gabriola, fantasy;\"><span style=\"font-size: x-large;\">&#8222;<i style=\"font-family: Gabriola, fantasy; font-size: x-large;\">&#8230;moim powo\u0142aniem jest mi\u0142o\u015b\u0107. O tak, znalaz\u0142am ju\u017c swe w\u0142asne miejsce w Ko\u015bciele. Ko\u015bci\u00f3\u0142 ma serce i to serce pa\u0142a gor\u0105c\u0105 mi\u0142o\u015bci\u0105. I oto mi\u0142o\u015b\u0107 ukaza\u0142a mi si\u0119 jako istota mego powo\u0142ania. W sercu Ko\u015bcio\u0142a, mojej Matki, ja b\u0119d\u0119 mi\u0142o\u015bci\u0105.&#8221;<br \/>\n&#8211; \u015bw. Teresa od Dzieci\u0105tka Jezus<\/i><\/span><\/span><\/span><\/p>\n<p align=\"center\"><span style=\"color: #333333;\"><span style=\"font-family: Georgia, serif;\"><span style=\"font-size: x-large;\">Ojciec \u015aw. Jan Pawe\u0142 II pisa\u0142 do si\u00f3str :<\/span><\/span><\/span><\/p>\n<p align=\"justify\"><span style=\"color: #333333;\"><span style=\"font-family: Georgia, serif;\"><span style=\"font-size: large;\">&#8222;<\/span><span style=\"font-size: large;\">Aby by\u0107 mi\u0142o\u015bci\u0105 w sercu Ko\u015bcio\u0142a, przyby\u0142y\u015bcie kiedy\u015b do O\u015bwi\u0119cimia. <\/span><span style=\"font-size: large;\">Czy\u017c trzeba wyja\u015bnia\u0107, jak bardzo w tym w\u0142a\u015bnie miejscu winno bi\u0107 serce Ko\u015bcio\u0142a. Jak bardzo tutaj potrzebna jest ta mi\u0142o\u015b\u0107, jak\u0105 Chrystus do ko\u0144ca umi\u0142owa\u0142 cz\u0142owieka.(&#8230;) <\/span><span style=\"font-size: large;\">W dalszym ci\u0105gu bowiem O\u015bwi\u0119cim\u00a0 i to wszystko, co si\u0119 z nim \u0142\u0105czy jako tragiczne dziedzictwo Europy i ludzko\u015bci, pozostaje zadaniem Karmelu. W jaki spos\u00f3b przysz\u0142o\u015b\u0107 b\u0119dzie wyrasta\u0142a z tej najbole\u015bniejszej przesz\u0142o\u015bci, to w znacznej mierze zale\u017cy od tego, czy u progu O\u015bwi\u0119cimia b\u0119dzie czuwa\u0142a ta mi\u0142o\u015b\u0107, kt\u00f3ra jest pot\u0119\u017cniejsza ni\u017c \u015bmier\u0107. Wam, drogie siostry w spos\u00f3b szczeg\u00f3lny powierzona jest tajemnica tej odkupie\u0144czej mi\u0142o\u015bci,\u00a0 tej mi\u0142o\u015bci, kt\u00f3ra zbawia \u015bwiat.&#8221;<\/span><\/span><\/span><\/p>\n","protected":false},"excerpt":{"rendered":"<p>&#8222;&#8230;moim powo\u0142aniem jest mi\u0142o\u015b\u0107. O tak, znalaz\u0142am ju\u017c swe w\u0142asne miejsce w Ko\u015bciele. Ko\u015bci\u00f3\u0142 ma serce i to serce pa\u0142a gor\u0105c\u0105 mi\u0142o\u015bci\u0105. I oto mi\u0142o\u015b\u0107 ukaza\u0142a mi si\u0119 jako istota mego powo\u0142ania. W sercu Ko\u015bcio\u0142a, mojej Matki, ja b\u0119d\u0119 mi\u0142o\u015bci\u0105.&#8221; &#8211; \u015bw. Teresa od Dzieci\u0105tka Jezus Ojciec \u015aw. Jan Pawe\u0142 II pisa\u0142 do si\u00f3str : &hellip; <\/p>\n<p class=\"link-more\"><a href=\"https:\/\/www.karmeloswiecim.opw.pl\/\" class=\"more-link\">Czytaj dalej<span class=\"screen-reader-text\"> Witamy<\/span><\/a><\/p>\n","protected":false},"author":1,"featured_media":0,"parent":0,"menu_order":0,"comment_status":"closed","ping_status":"closed","template":"","meta":[],"_links":{"self":[{"href":"https:\/\/www.karmeloswiecim.opw.pl\/index.php?rest_route=\/wp\/v2\/pages\/4"}],"collection":[{"href":"https:\/\/www.karmeloswiecim.opw.pl\/index.php?rest_route=\/wp\/v2\/pages"}],"about":[{"href":"https:\/\/www.karmeloswiecim.opw.pl\/index.php?rest_route=\/wp\/v2\/types\/page"}],"author":[{"embeddable":true,"href":"https:\/\/www.karmeloswiecim.opw.pl\/index.php?rest_route=\/wp\/v2\/users\/1"}],"replies":[{"embeddable":true,"href":"https:\/\/www.karmeloswiecim.opw.pl\/index.php?rest_route=%2Fwp%2Fv2%2Fcomments&post=4"}],"version-history":[{"count":137,"href":"https:\/\/www.karmeloswiecim.opw.pl\/index.php?rest_route=\/wp\/v2\/pages\/4\/revisions"}],"predecessor-version":[{"id":3091,"href":"https:\/\/www.karmeloswiecim.opw.pl\/index.php?rest_route=\/wp\/v2\/pages\/4\/revisions\/3091"}],"wp:attachment":[{"href":"https:\/\/www.karmeloswiecim.opw.pl\/index.php?rest_route=%2Fwp%2Fv2%2Fmedia&parent=4"}],"curies":[{"name":"wp","href":"https:\/\/api.w.org\/{rel}","templated":true}]}}