{"id":3043,"date":"2025-08-13T08:39:37","date_gmt":"2025-08-13T08:39:37","guid":{"rendered":"http:\/\/www.karmeloswiecim.opw.pl\/?page_id=3043"},"modified":"2025-08-13T08:39:37","modified_gmt":"2025-08-13T08:39:37","slug":"teresa-benedykta-od-krzyza-moja-siostra-i-swieta-przyjaciolka","status":"publish","type":"page","link":"https:\/\/www.karmeloswiecim.opw.pl\/?page_id=3043","title":{"rendered":"Teresa Benedykta od Krzy\u017ca \u2013 moja siostra i \u015bwi\u0119ta przyjaci\u00f3\u0142ka"},"content":{"rendered":"\n<p>Wst\u0119puj\u0105c do Karmelu w O\u015bwi\u0119cimiu wiedzia\u0142am, \u017ce w niedaleko po\u0142o\u017conym obozie KL Auschwitz-Birkenau zgin\u0119\u0142a nasza wsp\u00f3\u0142siostra \u015bw. Teresa Benedykta od Krzy\u017ca \u2013 Edyta Stein \u2013 karmelitanka bosa. Ze zdj\u0119\u0107 spogl\u0105da\u0142a na mnie powa\u017cna, inteligentna doktor filozofii, kt\u00f3ra nie zach\u0119ca\u0142a do g\u0142\u0119bszego poznania, a jej dzie\u0142a wydawa\u0142y mi si\u0119 zbyt trudne. Jak bardzo pozory myl\u0105 i jak \u0142atwo mo\u017cna \u017ale oceni\u0107 drugiego cz\u0142owieka\u2026 tak\u017ce \u015bwi\u0119tego.<\/p>\n\n\n\n<figure class=\"wp-container-2 wp-block-gallery-1 wp-block-gallery has-nested-images columns-default is-cropped\">\n<figure class=\"wp-block-image size-large\"><img loading=\"lazy\" width=\"818\" height=\"460\" data-id=\"2586\"  src=\"http:\/\/www.karmeloswiecim.opw.pl\/wp-content\/uploads\/2022\/07\/oboz.jpg\" alt=\"\" class=\"wp-image-2586\" srcset=\"https:\/\/www.karmeloswiecim.opw.pl\/wp-content\/uploads\/2022\/07\/oboz.jpg 818w, https:\/\/www.karmeloswiecim.opw.pl\/wp-content\/uploads\/2022\/07\/oboz-768x432.jpg 768w\" sizes=\"(max-width: 706px) 89vw, (max-width: 767px) 82vw, 740px\" \/><\/figure>\n\n\n\n<figure class=\"wp-block-image size-large\"><img loading=\"lazy\" width=\"300\" height=\"447\" data-id=\"2105\"  src=\"http:\/\/www.karmeloswiecim.opw.pl\/wp-content\/uploads\/2019\/08\/filozof.jpg\" alt=\"\" class=\"wp-image-2105\" srcset=\"https:\/\/www.karmeloswiecim.opw.pl\/wp-content\/uploads\/2019\/08\/filozof.jpg 300w, https:\/\/www.karmeloswiecim.opw.pl\/wp-content\/uploads\/2019\/08\/filozof-201x300.jpg 201w\" sizes=\"(max-width: 300px) 100vw, 300px\" \/><\/figure>\n\n\n\n<figure class=\"wp-block-image size-large\"><img loading=\"lazy\" width=\"473\" height=\"672\" data-id=\"2259\"  src=\"http:\/\/www.karmeloswiecim.opw.pl\/wp-content\/uploads\/2020\/09\/fot2..jpg\" alt=\"\" class=\"wp-image-2259\"\/><\/figure>\n<\/figure>\n\n\n\n<p>W pierwszym momencie, kiedy my\u015bl\u0119 o jej \u017cyciu (mieszkaj\u0105c tutaj w O\u015bwi\u0119cimiu), nasuwa mi si\u0119 jej \u015bmier\u0107 m\u0119cze\u0144ska. Ale jest to ostatni etap jej drogi poszukiwania Boga, ci\u0105g\u0142ej przemiany i nawr\u00f3cenia, jej ostatnie FIAT. Przez d\u0142ugi czas jako osoba niewierz\u0105ca w wewn\u0119trznych ciemno\u015bciach i cierpieniu szuka\u0142a prawdy i da\u0142a si\u0119 odnale\u017a\u0107 Jezusowi. Boga odkrywa\u0142a w codzienno\u015bci, w spotkaniu z drugim cz\u0142owiekiem, w przeczytanej ksi\u0105\u017cce. Jednym z najwa\u017cniejszych moment\u00f3w jej \u017cycia by\u0142o spotkanie z wdow\u0105 po Adolfie Reinachu. Edyta ba\u0142a si\u0119 tej rozmowy, a p\u00f3\u017aniej wspomina: <\/p>\n\n\n\n<blockquote class=\"wp-block-quote has-text-align-left has-black-color has-text-color\" style=\"font-size:17px\"><p>\u201eBy\u0142o to moje pierwsze spotkanie z krzy\u017cem i Bo\u017c\u0105 moc\u0105, jakiej udziela on tym, kt\u00f3rzy go nios\u0105. Ujrza\u0142am pierwszy raz Ko\u015bci\u00f3\u0142 w jego zwyci\u0119stwie nad o\u015bcieniem \u015bmierci. W tym momencie za\u0142ama\u0142a si\u0119 moja niewiara i ukaza\u0142 si\u0119 Chrystus w tajemnicy krzy\u017ca.\u201d <\/p><\/blockquote>\n\n\n\n<p>W swoich poszukiwaniach by\u0142a bardzo prawdziwa, we wspomnieniach, listach pisze o swoich zmaganiach, s\u0142abo\u015bciach, ale te\u017c o tym, jak B\u00f3g dzia\u0142a w jej \u017cyciu. Co dodawa\u0142o jej si\u0142y w codzienno\u015bci, kt\u00f3ra staje si\u0119 coraz trudniejsza w czasach Trzeciej Rzeszy? To codzienna Eucharystia, adoracja, modlitwa. Jej wewn\u0119trzna przemiana jest coraz wyra\u017aniejsza. Pisze o sobie: \u201eTrwa\u0142am wi\u0119c w naiwnym z\u0142udzeniu, \u017ce wszystko jest we mnie w porz\u0105dku, co zdarza si\u0119 cz\u0119sto ludziom niewierz\u0105cym, wyznaj\u0105cym zasady idealizmu etycznego. Je\u015bli kto\u015b zachwyca si\u0119 tym, co dobre, wierzy, \u017ce sam jest dobry. Uwa\u017ca\u0142am, \u017ce mam prawo pot\u0119pia\u0107 bezlito\u015bnie wszystko, co wydawa\u0142o si\u0119 negatywne, a wi\u0119c s\u0142abo\u015bci, pomy\u0142ki i b\u0142\u0119dy innych, czasem nawet w spos\u00f3b drwi\u0105cy i ironiczny.\u201d Jak j\u0105 przemieni\u0142a relacja z Jezusem? W jednym z list\u00f3w pisze: \u201eTo, \u017ce zauwa\u017casz ludzkie s\u0142abo\u015bci, nie musi Ci\u0119 czyni\u0107 krytyczn\u0105. Fa\u0142szywy idealizm nie ma \u017cadnej warto\u015bci. Lecz nie ufaj za du\u017co swemu ostremu spojrzeniu. Wn\u0119trze cz\u0142owieka widzi przecie\u017c tylko B\u00f3g. On widzi z\u0142o, ale widzi r\u00f3wnie\u017c najmniejsze ziarnko z\u0142ota, kt\u00f3re nam cz\u0119sto umyka, a zawsze przecie\u017c gdzie\u015b jest. Uwierz w to ziarnko w ka\u017cdym cz\u0142owieku i na nie skieruj sw\u00f3j wzrok.\u201d<\/p>\n\n\n\n<p>Dla mnie osobi\u015bcie ta wewn\u0119trzna przemiana pokazuje, jak \u017cycie sakramentalne, codzienna modlitwa \u2013 rozmowa z Bogiem \u2013przemieni\u0142a jej serce, kt\u00f3re jest pe\u0142ne mi\u0142o\u015bci do Boga i drugiego cz\u0142owieka. To ostatnie mo\u017cemy zobaczy\u0107 szczeg\u00f3lnie w jej listach pe\u0142nych troski o bliskich, przyjaci\u00f3\u0142, znajomych, z kt\u00f3rymi dzieli si\u0119 rado\u015bciami i troskami, ale te\u017c pyta o ich \u017cycie. Mi\u0142o\u015b\u0107 do Boga i bli\u017aniego ostatecznie wype\u0142nia si\u0119 w jej \u015bmierci m\u0119cze\u0144skiej. <\/p>\n\n\n\n<p>W jednym z tekst\u00f3w do si\u00f3str pisze: <\/p>\n\n\n\n<blockquote class=\"wp-block-quote has-black-color has-text-color\" style=\"font-size:17px\"><p>\u201ePatrz na Ukrzy\u017cowanego (\u2026). Z\u0142\u0105czona z Nim stajesz si\u0119 wszechobecna, jak On sam. Nie jedynie tutaj, czy tam, mo\u017cesz s\u0142u\u017cy\u0107 potrzebuj\u0105cym jak lekarz lub piel\u0119gniarka albo kap\u0142an. Moc\u0105 krzy\u017ca mo\u017cesz by\u0107 obecna na wszystkich frontach \u015bwiata, we wszystkich miejscach b\u00f3lu dok\u0105dkolwiek poniesie ci\u0119 twoja wsp\u00f3\u0142czuj\u0105ca mi\u0142o\u015b\u0107, ta mi\u0142o\u015b\u0107, kt\u00f3r\u0105 czerpiesz z Boskiego Serca, tryska wsz\u0119dzie Jego najdro\u017csz\u0105 krwi\u0105, aby nie\u015b\u0107 ulg\u0119, ratowa\u0107 i zbawia\u0107.\u201d<\/p><\/blockquote>\n\n\n\n<p>Teresa Benedykta od Krzy\u017ca \u2013 moja siostra i \u015bwi\u0119ta przyjaci\u00f3\u0142ka \u2013 uczy mnie i zaprasza do ci\u0105g\u0142ego poszukiwania Boga w moim codziennym \u017cyciu, pokazuje mi, \u017ce warto o mi\u0142o\u015b\u0107 walczy\u0107. Teresa Benedykta \u2013 kobieta, kt\u00f3ra ci\u0105gle zaskakuje, a im bardziej si\u0119 j\u0105 poznaje, staje si\u0119 bli\u017csza. Ta, kt\u00f3ra wydawa\u0142a mi si\u0119 tak daleka, coraz bardziej mnie zachwyca i jest dla mnie znakiem Boga w dzisiejszym \u015bwiecie.<\/p>\n\n\n\n<p class=\"has-text-align-right\">karmelitanka bosa<\/p>\n","protected":false},"excerpt":{"rendered":"<p>Wst\u0119puj\u0105c do Karmelu w O\u015bwi\u0119cimiu wiedzia\u0142am, \u017ce w niedaleko po\u0142o\u017conym obozie KL Auschwitz-Birkenau zgin\u0119\u0142a nasza wsp\u00f3\u0142siostra \u015bw. Teresa Benedykta od Krzy\u017ca \u2013 Edyta Stein \u2013 karmelitanka bosa. Ze zdj\u0119\u0107 spogl\u0105da\u0142a na mnie powa\u017cna, inteligentna doktor filozofii, kt\u00f3ra nie zach\u0119ca\u0142a do g\u0142\u0119bszego poznania, a jej dzie\u0142a wydawa\u0142y mi si\u0119 zbyt trudne. Jak bardzo pozory myl\u0105 i &hellip; <\/p>\n<p class=\"link-more\"><a href=\"https:\/\/www.karmeloswiecim.opw.pl\/?page_id=3043\" class=\"more-link\">Czytaj dalej<span class=\"screen-reader-text\"> Teresa Benedykta od Krzy\u017ca \u2013 moja siostra i \u015bwi\u0119ta przyjaci\u00f3\u0142ka<\/span><\/a><\/p>\n","protected":false},"author":3,"featured_media":0,"parent":0,"menu_order":0,"comment_status":"closed","ping_status":"closed","template":"","meta":[],"_links":{"self":[{"href":"https:\/\/www.karmeloswiecim.opw.pl\/index.php?rest_route=\/wp\/v2\/pages\/3043"}],"collection":[{"href":"https:\/\/www.karmeloswiecim.opw.pl\/index.php?rest_route=\/wp\/v2\/pages"}],"about":[{"href":"https:\/\/www.karmeloswiecim.opw.pl\/index.php?rest_route=\/wp\/v2\/types\/page"}],"author":[{"embeddable":true,"href":"https:\/\/www.karmeloswiecim.opw.pl\/index.php?rest_route=\/wp\/v2\/users\/3"}],"replies":[{"embeddable":true,"href":"https:\/\/www.karmeloswiecim.opw.pl\/index.php?rest_route=%2Fwp%2Fv2%2Fcomments&post=3043"}],"version-history":[{"count":3,"href":"https:\/\/www.karmeloswiecim.opw.pl\/index.php?rest_route=\/wp\/v2\/pages\/3043\/revisions"}],"predecessor-version":[{"id":3046,"href":"https:\/\/www.karmeloswiecim.opw.pl\/index.php?rest_route=\/wp\/v2\/pages\/3043\/revisions\/3046"}],"wp:attachment":[{"href":"https:\/\/www.karmeloswiecim.opw.pl\/index.php?rest_route=%2Fwp%2Fv2%2Fmedia&parent=3043"}],"curies":[{"name":"wp","href":"https:\/\/api.w.org\/{rel}","templated":true}]}}