{"id":2716,"date":"2023-08-02T12:29:42","date_gmt":"2023-08-02T12:29:42","guid":{"rendered":"http:\/\/www.karmeloswiecim.opw.pl\/?page_id=2716"},"modified":"2025-08-13T08:49:50","modified_gmt":"2025-08-13T08:49:50","slug":"bog-w-auschwitz","status":"publish","type":"page","link":"https:\/\/www.karmeloswiecim.opw.pl\/?page_id=2716","title":{"rendered":"B\u00f3g w Auschwitz"},"content":{"rendered":"\n<p>W temacie Auschwitz stawiamy wiele trudnych pyta\u0144 dotycz\u0105cych cierpienia, wiary, a nawet istnienia Boga. Dotykamy przez to r\u00f3wnie\u017c problemu wolnej woli ofiarowanej cz\u0142owiekowi oraz wierno\u015bci Boga, kt\u00f3ry zawsze pozostawia nam mo\u017cliwo\u015b\u0107 wyboru, a przez to ryzykuje. Jednak wierzymy, \u017ce przez swoj\u0105 wszechmoc nie jest Bogiem bezradnym, ani Bogiem biernym.<\/p>\n\n\n\n<blockquote class=\"wp-block-quote has-text-align-center is-style-default has-black-color has-text-color\" style=\"font-style:italic;font-weight:600\"><p>&#8222;<em>\u2026 je\u015bli B\u00f3g si\u0119 otwiera, aby stworzy\u0107 wolne istoty, kt\u00f3re mog\u0105 Go uzna\u0107 i kocha\u0107, to nie mo\u017ce On ich \u201eutwierdzi\u0107 w dobru\u201d, lecz musi im (anio\u0142om czy ludziom) dawa\u0107 mo\u017cno\u015b\u0107 wyboru \u201etak\u201d lub \u201enie\u201d. Co dzieje si\u0119, gdy one, czego mo\u017cna oczekiwa\u0107, b\u0119d\u0105 wole\u0107 \u201enie\u201d? B\u00f3g oczywi\u015bcie wie naprz\u00f3d, co ryzykuje, stwarzaj\u0105c ograniczone istoty.&#8221;<\/em><\/p><\/blockquote>\n\n\n\n<blockquote class=\"wp-block-quote has-text-align-right has-black-color has-text-color\" style=\"font-style:italic;font-weight:600\"><p><em>Hans Urs von Balthasar<\/em><\/p><\/blockquote>\n\n\n\n<p>Czy B\u00f3g m\u00f3g\u0142 dzia\u0142a\u0107 w sercach i umys\u0142ach zamkni\u0119tych na Jego \u0142ask\u0119 i odrzucaj\u0105cych objawion\u0105 w Jezusie Mi\u0142o\u015b\u0107 i Prawd\u0119? Czy nie by\u0142oby to rezygnacj\u0105 z pierwotnego zamys\u0142u obdarzenia nas woln\u0105 wol\u0105, jak i gwa\u0142tem zmuszaj\u0105cym do pos\u0142usze\u0144stwa oraz uniemo\u017cliwiaj\u0105cym nam podj\u0119cie decyzji o mi\u0142owaniu Boga?<\/p>\n\n\n\n<blockquote class=\"wp-block-quote has-text-align-center has-black-color has-text-color\" style=\"font-style:italic;font-weight:600\"><p>&#8222;<em>Dlaczego On nas chce, chocia\u017c nas nie potrzebuje i z takim \u015bwiatem, jakim on si\u0119 stanie, b\u0119dzie mia\u0142 tylko k\u0142opoty?&#8221;<\/em><\/p><\/blockquote>\n\n\n\n<blockquote class=\"wp-block-quote has-text-align-right has-black-color has-text-color\" style=\"font-style:italic;font-weight:600\"><p>Hans Urs von Balthasar<\/p><\/blockquote>\n\n\n\n<p>Od dzieci\u0144stwa oswajamy si\u0119 z poj\u0119ciem grzechu pierworodnego. Niejednokrotnie w ci\u0105gu roku mamy mo\u017cliwo\u015b\u0107 przypomnienia sobie historii stworzenia \u015bwiata oraz cz\u0142owieka <br>jak i przykrych nast\u0119pstw wynikaj\u0105cych z podj\u0119tej przez niego decyzji o niepos\u0142usze\u0144stwie Bogu. Jednak czy na co dzie\u0144 jeste\u015bmy \u015bwiadomi praw, kt\u00f3re od tamtego momentu maj\u0105 wp\u0142yw na nasze \u017cycie i post\u0119powanie?<\/p>\n\n\n\n<p>Pr\u00f3b\u0105 przypomnienia nam naszego powo\u0142ania do \u017cycia w zjednoczeniu z Bogiem i chwa\u0142y, kt\u00f3r\u0105 pragnie nas On obdarzy\u0107, by\u0142o wcielenie Syna Bo\u017cego. Wyszed\u0142 On od Ojca, by ukaza\u0107 nam Jego prawdziwe Oblicze. Chrystus przyjmuj\u0105c nasz\u0105 natur\u0119, w pe\u0142nej wolno\u015bci przyj\u0105\u0142 r\u00f3wnie\u017c zwi\u0105zane z ni\u0105 cierpienie i w czasie Swojej m\u0119ki na krzy\u017cu wytrwa\u0142 w mi\u0142o\u015bci Ojca, ufaj\u0105c Jego dobroci.<\/p>\n\n\n\n<p>Jak niegdy\u015b Jezus zosta\u0142 pos\u0142any, tak teraz pos\u0142ani zostaj\u0105 Jego przyjaciele. Ci, kt\u00f3rych On wezwa\u0142 do pe\u0142ni zjednoczenia z Sob\u0105. Zostaj\u0105 pos\u0142ani do os\u00f3b, w kt\u00f3rych \u0142aska jest wi\u0105zana przez z\u0142\u0105 wol\u0119. Pos\u0142ani w miejsca, z kt\u00f3rych B\u00f3g zosta\u0142 niejako wygnany, wygnany ze \u015bwiadomo\u015bci ludzkiej.<br>Jednym z tych miejsc, w czasie trwania II wojny \u015bwiatowej, by\u0142 ob\u00f3z koncentracyjny Auschwitz \u2013 Birkenau. Tam postanowiono podepta\u0107 wszystko co dotyczy Boga i z czego wynika godno\u015b\u0107 osoby ludzkiej. Tam B\u00f3g zosta\u0142 odrzucony w spos\u00f3b najbardziej gwa\u0142towny. Tam Boga ponownie zwi\u0105zano, um\u0119czono i zawieszono na krzy\u017cu cierpienia. <br>By jednak ta prawda nie pozosta\u0142a zakryta, przys\u0142oni\u0119ta jedynie jako tragiczne wydarzenie z historii, B\u00f3g wybra\u0142 najwierniejszych przyjaci\u00f3\u0142 swojego Syna i powo\u0142a\u0142 ich, by z\u0142\u0105czyli si\u0119 <br>z Nim na krzy\u017cu O\u015bwi\u0119cimia. Ci, kt\u00f3rych dzisiaj czcimy jako m\u0119czennik\u00f3w II wojny \u015bwiatowej, umo\u017cliwili Bogu ponowne wcielenie i wej\u015bcie w rzeczywisto\u015b\u0107 obozow\u0105. W nich Chrystus zn\u00f3w podj\u0105\u0142 swoj\u0105 m\u0119k\u0119 i nie odbieraj\u0105c oprawcom wolno\u015bci, przez wewn\u0119trzn\u0105 wolno\u015b\u0107 swoich s\u0142ug da\u0142 \u015bwiadectwo wiernej mi\u0142o\u015bci Boga. Ta mi\u0142o\u015b\u0107 stale nam towarzyszy oraz podtrzymuje w znoszeniu przykrych owoc\u00f3w pr\u00f3by kszta\u0142towania \u015bwiata w niezale\u017cno\u015bci od Stw\u00f3rcy.<\/p>\n\n\n\n<figure class=\"wp-container-2 wp-block-gallery-1 wp-block-gallery has-nested-images columns-default is-cropped\">\n<figure class=\"wp-block-image size-large\"><a href=\"http:\/\/www.karmeloswiecim.opw.pl\/wp-content\/uploads\/2019\/08\/filozof.jpg\"><img loading=\"lazy\" width=\"300\" height=\"447\" data-id=\"2105\"  src=\"http:\/\/www.karmeloswiecim.opw.pl\/wp-content\/uploads\/2019\/08\/filozof.jpg\" alt=\"\" class=\"wp-image-2105\" srcset=\"https:\/\/www.karmeloswiecim.opw.pl\/wp-content\/uploads\/2019\/08\/filozof.jpg 300w, https:\/\/www.karmeloswiecim.opw.pl\/wp-content\/uploads\/2019\/08\/filozof-201x300.jpg 201w\" sizes=\"(max-width: 300px) 100vw, 300px\" \/><\/a><\/figure>\n\n\n\n<figure class=\"wp-block-image size-large\"><a href=\"http:\/\/www.karmeloswiecim.opw.pl\/wp-content\/uploads\/2023\/08\/108-IIws.jpg\"><img loading=\"lazy\" width=\"346\" height=\"476\" data-id=\"2710\"  src=\"http:\/\/www.karmeloswiecim.opw.pl\/wp-content\/uploads\/2023\/08\/108-IIws.jpg\" alt=\"\" class=\"wp-image-2710\"\/><\/a><\/figure>\n\n\n\n<figure class=\"wp-block-image size-large\"><a href=\"http:\/\/www.karmeloswiecim.opw.pl\/wp-content\/uploads\/2023\/08\/mmk.jpg\"><img loading=\"lazy\" width=\"395\" height=\"549\" data-id=\"2711\"  src=\"http:\/\/www.karmeloswiecim.opw.pl\/wp-content\/uploads\/2023\/08\/mmk.jpg\" alt=\"\" class=\"wp-image-2711\"\/><\/a><\/figure>\n<\/figure>\n\n\n\n<p>To w ich postawach mo\u017cna by\u0142o dostrzec obecno\u015b\u0107 Boga, niezniszczaln\u0105 prawd\u0119 nauki Chrystusa, a przede wszystkim ofiarowan\u0105 cz\u0142owiekowi wolno\u015b\u0107 nawet w\u015br\u00f3d najwi\u0119kszego cierpienia. \u015awi\u0119ci wytrwali w wierno\u015bci Bogu a\u017c do ko\u0144ca, w zjednoczeniu z Chrystusem zostali wywy\u017cszeni, a dzi\u0119ki ich ofierze Ko\u015bci\u00f3\u0142 zn\u00f3w zaja\u015bnia\u0142 chwa\u0142\u0105 zmartwychwstania, kt\u00f3ra niesko\u0144czenie przewy\u017csza zgorszenie krzy\u017ca.<\/p>\n\n\n\n<p>Maj\u0105c tak wielkich or\u0119downik\u00f3w, pro\u015bmy by nasza wiara objawia\u0142a si\u0119 w wiernym trwaniu przy Bogu, niezale\u017cnie od trud\u00f3w jakie staj\u0105 si\u0119 naszym udzia\u0142em. Wpatrujmy si\u0119 nieustannie w Tego, kt\u00f3ry przyj\u0105\u0142 konsekwencje naszych win, a przechodz\u0105c zwyci\u0119sko przez \u015bmier\u0107 objawi\u0142, \u017ce pe\u0142ne bezpiecze\u0144stwo znajdziemy jedynie w d\u0142oniach naszego Ojca. Niech nasze \u017cycie b\u0119dzie oparte na nadziei, \u017ce B\u00f3g zdolny jest przeprowadzi\u0107 nas nawet przez najciemniejsze noce. Przyjmujmy Jego \u0142ask\u0119 i pozwalajmy prowadzi\u0107 si\u0119 do pe\u0142nej dojrza\u0142o\u015bci ukazanej nam w Chrystusie.<\/p>\n\n\n\n<p>\u2026\u2026\u2026\u2026\u2026\u2026\u2026\u2026\u2026\u2026\u2026\u2026\u2026\u2026\u2026\u2026\u2026\u2026<\/p>\n\n\n\n<p>cytaty zaczerpni\u0119to z ksi\u0105\u017cki: Hans Urs von Balthasar \u201eCREDO medytacje o sk\u0142adzie apostolskim\u201d Wyd. WAM Ksi\u0119\u017ca Jezuici Krak\u00f3w 1997<\/p>\n","protected":false},"excerpt":{"rendered":"<p>W temacie Auschwitz stawiamy wiele trudnych pyta\u0144 dotycz\u0105cych cierpienia, wiary, a nawet istnienia Boga. Dotykamy przez to r\u00f3wnie\u017c problemu wolnej woli ofiarowanej cz\u0142owiekowi oraz wierno\u015bci Boga, kt\u00f3ry zawsze pozostawia nam mo\u017cliwo\u015b\u0107 wyboru, a przez to ryzykuje. Jednak wierzymy, \u017ce przez swoj\u0105 wszechmoc nie jest Bogiem bezradnym, ani Bogiem biernym. &#8222;\u2026 je\u015bli B\u00f3g si\u0119 otwiera, aby &hellip; <\/p>\n<p class=\"link-more\"><a href=\"https:\/\/www.karmeloswiecim.opw.pl\/?page_id=2716\" class=\"more-link\">Czytaj dalej<span class=\"screen-reader-text\"> B\u00f3g w Auschwitz<\/span><\/a><\/p>\n","protected":false},"author":3,"featured_media":0,"parent":0,"menu_order":0,"comment_status":"closed","ping_status":"closed","template":"","meta":[],"_links":{"self":[{"href":"https:\/\/www.karmeloswiecim.opw.pl\/index.php?rest_route=\/wp\/v2\/pages\/2716"}],"collection":[{"href":"https:\/\/www.karmeloswiecim.opw.pl\/index.php?rest_route=\/wp\/v2\/pages"}],"about":[{"href":"https:\/\/www.karmeloswiecim.opw.pl\/index.php?rest_route=\/wp\/v2\/types\/page"}],"author":[{"embeddable":true,"href":"https:\/\/www.karmeloswiecim.opw.pl\/index.php?rest_route=\/wp\/v2\/users\/3"}],"replies":[{"embeddable":true,"href":"https:\/\/www.karmeloswiecim.opw.pl\/index.php?rest_route=%2Fwp%2Fv2%2Fcomments&post=2716"}],"version-history":[{"count":5,"href":"https:\/\/www.karmeloswiecim.opw.pl\/index.php?rest_route=\/wp\/v2\/pages\/2716\/revisions"}],"predecessor-version":[{"id":3049,"href":"https:\/\/www.karmeloswiecim.opw.pl\/index.php?rest_route=\/wp\/v2\/pages\/2716\/revisions\/3049"}],"wp:attachment":[{"href":"https:\/\/www.karmeloswiecim.opw.pl\/index.php?rest_route=%2Fwp%2Fv2%2Fmedia&parent=2716"}],"curies":[{"name":"wp","href":"https:\/\/api.w.org\/{rel}","templated":true}]}}