{"id":2680,"date":"2022-10-03T08:34:24","date_gmt":"2022-10-03T08:34:24","guid":{"rendered":"http:\/\/www.karmeloswiecim.opw.pl\/?page_id=2680"},"modified":"2025-08-13T09:08:53","modified_gmt":"2025-08-13T09:08:53","slug":"2680-2","status":"publish","type":"page","link":"https:\/\/www.karmeloswiecim.opw.pl\/?page_id=2680","title":{"rendered":""},"content":{"rendered":"\n<p class=\"has-text-align-center\">Z ca\u0142ego serca dzi\u0119kujemy Wam za wszelk\u0105 pomoc t\u0119 duchow\u0105 i t\u0119 materialn\u0105. Za modlitwy w intencji naszej wsp\u00f3lnoty, aby\u015bmy wiernie sz\u0142y za Panem&nbsp; i za materialne wsparcie, aby\u015bmy tutaj w o\u015bwi\u0119cimskim Karmelu mog\u0142y prowadzi\u0107 nasze codzienne \u017cycie wype\u0142nione modlitw\u0105 i prac\u0105.<\/p>\n\n\n\n<p class=\"has-text-align-center has-medium-font-size\">Klasztor Mniszek Karmelitanek Bosych w O\u015bwi\u0119cimiu<br>Legion\u00f3w 92a, O\u015bwi\u0119cim<\/p>\n\n\n\n<p class=\"has-text-align-center has-medium-font-size\">46 1240 4155 1111 0000 4635 1601<\/p>\n\n\n\n<p class=\"has-text-align-center has-medium-font-size\">Bank PeKaO Oddzia\u0142 O\u015bwi\u0119cim ul.Jagie\u0142\u0142y<\/p>\n\n\n\n<p class=\"has-text-align-center has-black-color has-text-color has-medium-font-size\"><em><strong>&#8222;Ustawiczna modlitwa za duszami dobroczy\u0144c\u00f3w jest nieodzownym waszym obowi\u0105zkiem.&#8221; \u015bw. Teresa od Jezusa<\/strong><\/em><\/p>\n\n\n\n<p class=\"has-text-align-center\">Ka\u017cdego miesi\u0105ca odprawiane s\u0105: Eucharystia w intencji zmar\u0142ych przyjaci\u00f3\u0142 i dobroczy\u0144c\u00f3w naszej wsp\u00f3lnoty oraz Eucharystia w intencji o Bo\u017ce b\u0142ogos\u0142awie\u0144stwo i wys\u0142uchanie modlitw dobroczy\u0144c\u00f3w \u017cyj\u0105cych.<\/p>\n","protected":false},"excerpt":{"rendered":"<p>Z ca\u0142ego serca dzi\u0119kujemy Wam za wszelk\u0105 pomoc t\u0119 duchow\u0105 i t\u0119 materialn\u0105. Za modlitwy w intencji naszej wsp\u00f3lnoty, aby\u015bmy wiernie sz\u0142y za Panem&nbsp; i za materialne wsparcie, aby\u015bmy tutaj w o\u015bwi\u0119cimskim Karmelu mog\u0142y prowadzi\u0107 nasze codzienne \u017cycie wype\u0142nione modlitw\u0105 i prac\u0105. Klasztor Mniszek Karmelitanek Bosych w O\u015bwi\u0119cimiuLegion\u00f3w 92a, O\u015bwi\u0119cim 46 1240 4155 1111 0000 &hellip; <\/p>\n<p class=\"link-more\"><a href=\"https:\/\/www.karmeloswiecim.opw.pl\/?page_id=2680\" class=\"more-link\">Czytaj dalej<span class=\"screen-reader-text\"> <\/span><\/a><\/p>\n","protected":false},"author":3,"featured_media":0,"parent":0,"menu_order":0,"comment_status":"closed","ping_status":"closed","template":"","meta":[],"_links":{"self":[{"href":"https:\/\/www.karmeloswiecim.opw.pl\/index.php?rest_route=\/wp\/v2\/pages\/2680"}],"collection":[{"href":"https:\/\/www.karmeloswiecim.opw.pl\/index.php?rest_route=\/wp\/v2\/pages"}],"about":[{"href":"https:\/\/www.karmeloswiecim.opw.pl\/index.php?rest_route=\/wp\/v2\/types\/page"}],"author":[{"embeddable":true,"href":"https:\/\/www.karmeloswiecim.opw.pl\/index.php?rest_route=\/wp\/v2\/users\/3"}],"replies":[{"embeddable":true,"href":"https:\/\/www.karmeloswiecim.opw.pl\/index.php?rest_route=%2Fwp%2Fv2%2Fcomments&post=2680"}],"version-history":[{"count":2,"href":"https:\/\/www.karmeloswiecim.opw.pl\/index.php?rest_route=\/wp\/v2\/pages\/2680\/revisions"}],"predecessor-version":[{"id":2998,"href":"https:\/\/www.karmeloswiecim.opw.pl\/index.php?rest_route=\/wp\/v2\/pages\/2680\/revisions\/2998"}],"wp:attachment":[{"href":"https:\/\/www.karmeloswiecim.opw.pl\/index.php?rest_route=%2Fwp%2Fv2%2Fmedia&parent=2680"}],"curies":[{"name":"wp","href":"https:\/\/api.w.org\/{rel}","templated":true}]}}