{"id":2669,"date":"2022-09-20T09:04:04","date_gmt":"2022-09-20T09:04:04","guid":{"rendered":"http:\/\/www.karmeloswiecim.opw.pl\/?page_id=2669"},"modified":"2023-04-03T11:08:57","modified_gmt":"2023-04-03T11:08:57","slug":"egzorta-na-dzien-podwyzszenia-krzyza","status":"publish","type":"page","link":"https:\/\/www.karmeloswiecim.opw.pl\/?page_id=2669","title":{"rendered":"Egzorta na dzie\u0144 Podwy\u017cszenia Krzy\u017ca"},"content":{"rendered":"\n<p>napisana na pro\u015bb\u0119 przeoryszy Karmelu w Echt nw zwi\u0105zku z odnowieniem \u015blub\u00f3w zakonnych<\/p>\n\n\n\n<p>19.09.1939<\/p>\n\n\n\n<p class=\"has-text-align-center\"><strong>Ave Crux, spes unica<\/strong><\/p>\n\n\n\n<p>\u201cPozdrawiamy Ci\u0119, Krzy\u017cu \u015bwi\u0119ty, jedyna nasza nadziejo!\u201d &#8211; tak ka\u017ce wo\u0142a\u0107 Ko\u015bci\u00f3\u0142 w czasie m\u0119ki Pa\u0144skiej, po\u015bwi\u0119conym rozwa\u017caniom gorzkich cierpie\u0144 naszego Pana Jezusa Chrystusa. Radosne wielkanocne alleluja przyt\u0142umia wprawdzie powa\u017cn\u0105 pie\u015b\u0144 o krzy\u017cu, ale ten znak naszego zbawienia towarzyszy nam nieustannie po\u015brodku rado\u015bci paschalnych, gdy ju\u017c si\u0119 wydawa\u0142o, \u017ce zupe\u0142nie zanikn\u0105\u0142. Pozdrawia on nas wprost z Serca Odkupiciela pod koniec okresu najwi\u0119kszych \u015bwi\u0105t. A kiedy rok ko\u015bcielny zbli\u017ca si\u0119 ku ko\u0144cowi, raz jeszcze wysoko wznosi si\u0119 przed nami, aby zatrzyma\u0107 na sobie nasze spojrzenie do czasu, gdy na nowo zabrzmi wielkanocne alleluja, pozwalaj\u0105ce na chwil\u0119 zapomnie\u0107 o ziemi, a rozweseli\u0107 si\u0119 na godach Baranka.<\/p>\n\n\n\n<p>Nasz \u015bwi\u0119ty Zakon ka\u017ce nam w znaku krzy\u017ca zacz\u0105\u0107 okres Wielkiego Postu. R\u00f3wnie\u017c do st\u00f3p krzy\u017ca prowadzi nas w godzinie odnawiania \u015bwi\u0119tych \u015blub\u00f3w. Ukrzy\u017cowany spogl\u0105da na nas pytaj\u0105c, czy chcemy zachowa\u0107 wierno\u015b\u0107 \u015blubowan\u0105 Mu w godzinie \u0142aski. Ma pow\u00f3d tak pyta\u0107, gdy\u017c \u2013 dzi\u015b bardziej ni\u017c kiedykolwiek przedtem \u2013 krzy\u017c sta\u0142 si\u0119 znakiem sprzeciwu. Zwolennicy Antychrysta zniewa\u017caj\u0105 go gorzej ni\u017c Persowie, kt\u00f3rzy go niegdy\u015b zrabowali. Profanuj\u0105 bowiem wizerunki krzy\u017ca i usi\u0142uj\u0105 ze wszystkich si\u0142 wydrze\u0107 krzy\u017c z serc chrze\u015bcijan. Udaje si\u0119 to im nawet wobec os\u00f3b, kt\u00f3re podobnie jak my, \u015blubowa\u0142y, \u017ce ponios\u0105 krzy\u017c za Chrystusem. Dlatego dzi\u015b spogl\u0105da On na nas z powag\u0105 i badawczo, pytaj\u0105c ka\u017cd\u0105: czy chcesz dochowa\u0107 wierno\u015bci Ukrzy\u017cowanemu?<\/p>\n\n\n\n<p>Rozwa\u017c dobrze! \u015awiat stoi w ogniu: walka Chrystusa z Antychrystem wyra\u017anie si\u0119 zaostrzy\u0142a; dlatego, je\u015bli decydujesz si\u0119 sta\u0107 po stronie Pana, mo\u017cesz zosta\u0107 wezwan\u0105 nawet do ofiary z \u017cycia. Rozwa\u017c r\u00f3wnie\u017c to co przyrzekasz. Z\u0142o\u017cenie i odnowienie \u015blub\u00f3w to sprawa owocna i powa\u017cna. \u015alubujesz przecie\u017c Panu nieba i ziemi. Je\u015bli nie wype\u0142nisz \u015bwi\u0119cie wol\u0105, co przyrzekasz ustami, wpadniesz w r\u0119ce Boga \u017cywego.<\/p>\n\n\n\n<p>Przed tob\u0105 na drzewie wisi Zbawiciel, poniewa\u017c sta\u0142 si\u0119 pos\u0142uszny a\u017c do \u015bmierci krzy\u017cowej. Przyszed\u0142 On na \u015bwiat nie po to, aby pe\u0142ni\u0107 swoj\u0105 wol\u0119, lecz wol\u0119 Ojca. Je\u015bli chcesz by\u0107 oblubienic\u0105 Ukrzy\u017cowanego, musisz ca\u0142kowicie wyrzec si\u0119 woli w\u0142asnej i nie mie\u0107 innego pragnienia poza tym jednym \u2013 aby wype\u0142nia\u0107 wol\u0119 Boga. Przemawia On do ciebie s\u0142owami regu\u0142y i konstytucji twojego zakonu; m\u00f3wi ustami twych prze\u0142o\u017conych. Szepce we wn\u0119trzu serca delikatnym tchnieniem Ducha \u015awi\u0119tego.<\/p>\n\n\n\n<p>Je\u015bli chcesz zachowa\u0107 wiernie \u015blub pos\u0142usze\u0144stwa, trzeba by\u015b dzie\u0144 i noc nas\u0142uchiwa\u0142a tego g\u0142osu i sz\u0142a za jego nakazem; to za\u015b znaczy krzy\u017cowa\u0107 \u2013 co dzie\u0144 i co godzina \u2013 w\u0142asn\u0105 wol\u0119 i mi\u0142o\u015b\u0107 w\u0142asn\u0105.<\/p>\n\n\n\n<p>Przed tob\u0105 wisi na krzy\u017cu tw\u00f3j Zbawiciel ogo\u0142ocony i nagi, poniewa\u017c wybra\u0142 ub\u00f3stwo. Kto chce i\u015b\u0107 za Nim, musi wyrzec si\u0119 wszelkiego ziemskiego posiadania. Nie wystarcza, \u017ce dokona\u0142a\u015b tego ju\u017c raz, wst\u0119puj\u0105c do klasztoru. Trzeba tak\u017ce dzi\u015b podj\u0105\u0107 powa\u017anie spraw\u0119 wyrzeczenia: przyj\u0105\u0107 z wdzi\u0119czno\u015bci\u0105 to, co zsy\u0142a boska Opatrzno\u015b\u0107 i rado\u015bnie odda\u0107 to, czego si\u0119 domaga. Nie troszczy\u0107 si\u0119 zbytnio o swe w\u0142asne cia\u0142o, o zaspokojenie swych drobnych potrzeb i upodoba\u0144, lecz pozostawi\u0107 je tym, do kt\u00f3rych to nale\u017cy. Nie martwi\u0107 si\u0119 o dzie\u0144 nast\u0119pny ani o nast\u0119pny posi\u0142ek.<\/p>\n\n\n\n<p>Trwaj przed Panem, kt\u00f3ry wisi na krzy\u017cu z przebitym Sercem. Wyla\u0142 sw\u0105 serdeczn\u0105 krew, aby zdoby\u0107 serce twoje. Je\u015bli chcesz i\u015b\u0107 za Nim w \u015bwi\u0119tej czysto\u015bci, ogo\u0142o\u0107 serce twoje z wszelkiego po\u017c\u0105dania ziemskiego. Niech Jezus Ukrzy\u017cowany stanie si\u0119 jedynym przedmiotem twoich pragnie\u0144, t\u0119sknot i my\u015bli.<\/p>\n\n\n\n<p>Trwo\u017cy ci\u0119 teraz wielko\u015b\u0107 wymaga\u0144 \u015bwi\u0119tych \u015blub\u00f3w? Nie masz si\u0119 czego obawia\u0107. To prawda, \u017ce to co \u015blubujesz jest ponad twe w\u0142asne ludzkie si\u0142y, ale nie przekracza mocy wszechmog\u0105cego Boga, kt\u00f3ra stanie si\u0119 twoj\u0105, gdy tylko Mu siebie zawierzysz, a On przyjmie tw\u0105 przysi\u0119g\u0119 wierno\u015bci. Uczyni\u0142 to w dniu twojej \u015bwi\u0119tej profesji i chce dzisiaj ponowi\u0107. Mi\u0142uj\u0105ce serce Twego Odkupiciela zaprasza ci\u0119 do p\u00f3j\u015bcia w Jego \u015blady.<\/p>\n\n\n\n<p>Pragnie twego pos\u0142usze\u0144stwa, gdy\u017c wola ludzka \u015blepa jest i s\u0142aba: nie odnajdzie prawdziwej drogi, dop\u00f3ki nie podda si\u0119 ca\u0142kowicie woli Bo\u017cej.<\/p>\n\n\n\n<p>Pragnie od ciebie ub\u00f3stwa, poniewa\u017c dla zdobycia d\u00f3br niebieskich trzeba ogo\u0142oci\u0107 r\u0119ce z d\u00f3br tej ziemi.<\/p>\n\n\n\n<p>\u017b\u0105da te\u017c czysto\u015bci, bo tylko wolno\u015b\u0107 od ziemskich przywi\u0105za\u0144 otwiera serce na przyj\u0119cie mi\u0142o\u015bci Boga.<\/p>\n\n\n\n<p>Ukrzy\u017cowany wyci\u0105ga ramiona, by ci\u0119 przyci\u0105gn\u0105\u0107 do swego Serca. Pragnie twego \u017cycia, by ci\u0119 obdarzy\u0107 swoim w\u0142asnym.<\/p>\n\n\n\n<p class=\"has-text-align-center\"><strong>Ave Crux, Spes unica!<\/strong><\/p>\n\n\n\n<p>\u015awiat stoi w p\u0142omieniqach. Po\u017car m\u00f3g\u0142by ogarn\u0105\u0107 tak\u017ce nasz dom, jednak krzy\u017c wznosi si\u0119 ponad p\u0142omieniem ognia i nie mo\u017ce ulec spaleniu. Krzy\u017c jest drog\u0105, kt\u00f3ra z ziemi prowadzi do nieba. Kto obejmuje go z wiar\u0105, nadziej\u0105 i mi\u0142o\u015bci\u0105, ten zostanie uniesiony wwy\u017c, a\u017c na \u0142ono Tr\u00f3jcy Przenaj\u015bwi\u0119tszej.<\/p>\n\n\n\n<p>\u015awiat stoi w p\u0142omieniach! Czy chcesz je ugasi\u0107? Patrz na krzy\u017c: z otwartego Serca p\u0142ynie krew Zbawieciela, krew zdolna ugasi\u0107 nawet p\u0142omienie piek\u0142a. Przez wierne zachowywanie \u015blub\u00f3w osi\u0105gniesz to, \u017ce twoje serce stanie si\u0119 wolne i otwarte, a zatem b\u0119d\u0105 mog\u0142y przep\u0142ywa\u0107 do niego fale boskiej mi\u0142o\u015bci, przepe\u0142niaj\u0105 je i daj\u0105c mu p\u0142odno\u015b\u0107 a\u017c po kra\u0144ce ziemi.<\/p>\n\n\n\n<p>Czy s\u0142yszysz j\u0119ki rannych na polach bitwy zachodu i wschodu? Nie jeste\u015b lekarzem ani piel\u0119gniark\u0105 i nie umiesz ran przewi\u0105zywa\u0107. Trwasz samotnie w swej celi i nie mo\u017cesz bezpo\u015brednio im pom\u00f3c.<\/p>\n\n\n\n<p>Czy s\u0142yszysz pe\u0142ne trwogi wo\u0142ania konaj\u0105cych? Zapewne chcia\u0142aby\u015b by\u0107 kap\u0142anem, aby ich wspom\u00f3c.<\/p>\n\n\n\n<p>Wzrusza ci\u0119 p\u0142acz wd\u00f3w i sierot? Chcia\u0142aby\u015b sta\u0107 si\u0119 dla nich anio\u0142em pociechy, aby przynie\u015b\u0107 im ulg\u0119.<\/p>\n\n\n\n<p>Patrz na Ukrzy\u017cowanego! Je\u015bli \u0142\u0105cz\u0105 ci\u0119 z Nim oblubie\u0144cze wi\u0119zy przez wierne zachowywanie \u015bwi\u0119tych \u015blub\u00f3w, w\u00f3wczas twoj\u0105 jest Jego bezcenna krew. Z\u0142\u0105czona z Nim stajesz si\u0119 wszechobecna, jak On sam. Nie jedynie tutaj, czy tam, mo\u017cesz s\u0142u\u017cy\u0107 potrzebuj\u0105cym jak lekarz lub piel\u0119gniarka albo kap\u0142an. Moc\u0105 krzy\u017ca mo\u017cesz by\u0107 obecna na wszystkich frontach \u015bwiata, we wszystkich miejscach b\u00f3lu, dok\u0105dkolwiek poniesie ci\u0119 twoja wsp\u00f3\u0142czuj\u0105ca mi\u0142o\u015b\u0107; ta mi\u0142o\u015b\u0107, kt\u00f3r\u0105 czerpiesz z Boskiego Serca, tryska wsz\u0119dzie Jego najdro\u017csz\u0105 krwi\u0105, aby nie\u015b\u0107 ulg\u0119, ratowa\u0107 i zbawia\u0107.<\/p>\n\n\n\n<p>Oczy Ukrzy\u017cowanego patrz\u0105 na ciebie z wysoko\u015bci krzy\u017ca \u2013 pytaj\u0105co I badawczo. Czy chcesz na nowo I z ca\u0142\u0105 powag\u0105 zawrze\u0107 z Nim przymierze? Jak\u0105 dasz odpowied\u017a? \u201cPanie, dok\u0105d p\u00f3jdziemy? Ty sam masz s\u0142owa \u017cycia\u201d.<\/p>\n\n\n\n<p class=\"has-text-align-center\"><strong>Ave Crux, spes unica!<\/strong><\/p>\n\n\n\n<p class=\"has-text-align-center\">\u015bw. Teresa Benedykta od Krzy\u017ca<\/p>\n\n\n\n<p class=\"has-text-align-right\">t\u0142um. s.Immakulata J.Adamska OCD z \u201cAutoportret Edyty Stein w jej tw\u00f3rczo\u015bci\u201d <br>Pozna\u0144 1999<\/p>\n","protected":false},"excerpt":{"rendered":"<p>napisana na pro\u015bb\u0119 przeoryszy Karmelu w Echt nw zwi\u0105zku z odnowieniem \u015blub\u00f3w zakonnych 19.09.1939 Ave Crux, spes unica \u201cPozdrawiamy Ci\u0119, Krzy\u017cu \u015bwi\u0119ty, jedyna nasza nadziejo!\u201d &#8211; tak ka\u017ce wo\u0142a\u0107 Ko\u015bci\u00f3\u0142 w czasie m\u0119ki Pa\u0144skiej, po\u015bwi\u0119conym rozwa\u017caniom gorzkich cierpie\u0144 naszego Pana Jezusa Chrystusa. Radosne wielkanocne alleluja przyt\u0142umia wprawdzie powa\u017cn\u0105 pie\u015b\u0144 o krzy\u017cu, ale ten znak naszego &hellip; <\/p>\n<p class=\"link-more\"><a href=\"https:\/\/www.karmeloswiecim.opw.pl\/?page_id=2669\" class=\"more-link\">Czytaj dalej<span class=\"screen-reader-text\"> Egzorta na dzie\u0144 Podwy\u017cszenia Krzy\u017ca<\/span><\/a><\/p>\n","protected":false},"author":3,"featured_media":0,"parent":0,"menu_order":0,"comment_status":"closed","ping_status":"closed","template":"","meta":[],"_links":{"self":[{"href":"https:\/\/www.karmeloswiecim.opw.pl\/index.php?rest_route=\/wp\/v2\/pages\/2669"}],"collection":[{"href":"https:\/\/www.karmeloswiecim.opw.pl\/index.php?rest_route=\/wp\/v2\/pages"}],"about":[{"href":"https:\/\/www.karmeloswiecim.opw.pl\/index.php?rest_route=\/wp\/v2\/types\/page"}],"author":[{"embeddable":true,"href":"https:\/\/www.karmeloswiecim.opw.pl\/index.php?rest_route=\/wp\/v2\/users\/3"}],"replies":[{"embeddable":true,"href":"https:\/\/www.karmeloswiecim.opw.pl\/index.php?rest_route=%2Fwp%2Fv2%2Fcomments&post=2669"}],"version-history":[{"count":2,"href":"https:\/\/www.karmeloswiecim.opw.pl\/index.php?rest_route=\/wp\/v2\/pages\/2669\/revisions"}],"predecessor-version":[{"id":2687,"href":"https:\/\/www.karmeloswiecim.opw.pl\/index.php?rest_route=\/wp\/v2\/pages\/2669\/revisions\/2687"}],"wp:attachment":[{"href":"https:\/\/www.karmeloswiecim.opw.pl\/index.php?rest_route=%2Fwp%2Fv2%2Fmedia&parent=2669"}],"curies":[{"name":"wp","href":"https:\/\/api.w.org\/{rel}","templated":true}]}}