{"id":2668,"date":"2022-09-20T09:11:42","date_gmt":"2022-09-20T09:11:42","guid":{"rendered":"http:\/\/www.karmeloswiecim.opw.pl\/?page_id=2668"},"modified":"2025-08-13T08:54:30","modified_gmt":"2025-08-13T08:54:30","slug":"sw-teresa-benedykta-od-krzyza-edyta-stein","status":"publish","type":"page","link":"https:\/\/www.karmeloswiecim.opw.pl\/?page_id=2668","title":{"rendered":"\u015aw. Teresa Benedykta od Krzy\u017ca (Edyta Stein)"},"content":{"rendered":"\n<figure class=\"wp-container-2 wp-block-gallery-1 wp-block-gallery has-nested-images columns-default is-cropped\">\n<figure class=\"wp-block-image size-large\"><img loading=\"lazy\" width=\"430\" height=\"689\" data-id=\"2583\"  src=\"http:\/\/www.karmeloswiecim.opw.pl\/wp-content\/uploads\/2022\/07\/8.jpg\" alt=\"\" class=\"wp-image-2583\"\/><\/figure>\n\n\n\n<figure class=\"wp-block-image size-large\"><img loading=\"lazy\" width=\"403\" height=\"567\" data-id=\"2581\"  src=\"http:\/\/www.karmeloswiecim.opw.pl\/wp-content\/uploads\/2022\/07\/6.jpg\" alt=\"\" class=\"wp-image-2581\"\/><\/figure>\n\n\n\n<figure class=\"wp-block-image size-large\"><img loading=\"lazy\" width=\"428\" height=\"567\" data-id=\"2577\"  src=\"http:\/\/www.karmeloswiecim.opw.pl\/wp-content\/uploads\/2022\/07\/2.jpg\" alt=\"\" class=\"wp-image-2577\"\/><\/figure>\n<\/figure>\n\n\n\n<h2 class=\"has-black-color has-text-color\">Egzorta na dzie\u0144 Podwy\u017cszenia Krzy\u017ca<br>napisana na pro\u015bb\u0119 przeoryszy Karmelu w Echt w zwi\u0105zku z odnowieniem \u015blub\u00f3w zakonnych<\/h2>\n\n\n\n<p>19.09.1939<\/p>\n\n\n\n<p>Ave Crux, spes unica   \u201cPozdrawiamy Ci\u0119, Krzy\u017cu \u015bwi\u0119ty, jedyna nasza nadziejo!\u201d<\/p>\n\n\n\n<p>Rozwa\u017c dobrze! \u015awiat stoi w ogniu: walka Chrystusa z Antychrystem wyra\u017anie si\u0119 zaostrzy\u0142a; dlatego, je\u015bli decydujesz si\u0119 sta\u0107 po stronie Pana, mo\u017cesz zosta\u0107 wezwan\u0105 nawet do ofiary z \u017cycia. <\/p>\n\n\n\n<p>Przed tob\u0105 na drzewie wisi Zbawiciel, poniewa\u017c sta\u0142 si\u0119 pos\u0142uszny a\u017c do \u015bmierci krzy\u017cowej. Przyszed\u0142 On na \u015bwiat nie po to, aby pe\u0142ni\u0107 swoj\u0105 wol\u0119, lecz wol\u0119 Ojca. Je\u015bli chcesz by\u0107 oblubienic\u0105 Ukrzy\u017cowanego, musisz ca\u0142kowicie wyrzec si\u0119 woli w\u0142asnej i nie mie\u0107 innego pragnienia poza tym jednym \u2013 aby wype\u0142nia\u0107 wol\u0119 Boga. Przemawia On do ciebie s\u0142owami regu\u0142y i konstytucji twojego zakonu; m\u00f3wi ustami twych prze\u0142o\u017conych. Szepce we wn\u0119trzu serca delikatnym tchnieniem Ducha \u015awi\u0119tego.<br>Je\u015bli chcesz zachowa\u0107 wiernie \u015blub pos\u0142usze\u0144stwa, trzeba by\u015b dzie\u0144 i noc nas\u0142uchiwa\u0142a tego g\u0142osu i sz\u0142a za jego nakazem; to za\u015b znaczy krzy\u017cowa\u0107 \u2013 co dzie\u0144 i co godzina \u2013 w\u0142asn\u0105 wol\u0119 i mi\u0142o\u015b\u0107 w\u0142asn\u0105.<\/p>\n\n\n\n<p>Przed tob\u0105 wisi na krzy\u017cu tw\u00f3j Zbawiciel ogo\u0142ocony i nagi, poniewa\u017c wybra\u0142 ub\u00f3stwo. Kto chce i\u015b\u0107 za Nim, musi wyrzec si\u0119 wszelkiego ziemskiego posiadania.<\/p>\n\n\n\n<p>Trwaj przed Panem, kt\u00f3ry wisi na krzy\u017cu z przebitym Sercem. Wyla\u0142 sw\u0105 serdeczn\u0105 krew, aby zdoby\u0107 serce twoje. Je\u015bli chcesz i\u015b\u0107 za Nim w \u015bwi\u0119tej czysto\u015bci, ogo\u0142o\u0107 serce twoje z wszelkiego po\u017c\u0105dania ziemskiego. Niech Jezus Ukrzy\u017cowany stanie si\u0119 jedynym przedmiotem twoich pragnie\u0144, t\u0119sknot i my\u015bli.<\/p>\n\n\n\n<p>Mi\u0142uj\u0105ce serce Twego Odkupiciela zaprasza ci\u0119 do p\u00f3j\u015bcia w Jego \u015blady.<br>Pragnie twego pos\u0142usze\u0144stwa, gdy\u017c wola ludzka \u015blepa jest i s\u0142aba: nie odnajdzie prawdziwej drogi, dop\u00f3ki nie podda si\u0119 ca\u0142kowicie woli Bo\u017cej.<br>Pragnie od ciebie ub\u00f3stwa, poniewa\u017c dla zdobycia d\u00f3br niebieskich trzeba ogo\u0142oci\u0107 r\u0119ce z d\u00f3br tej ziemi.<br>\u017b\u0105da te\u017c czysto\u015bci, bo tylko wolno\u015b\u0107 od ziemskich przywi\u0105za\u0144 otwiera serce na przyj\u0119cie mi\u0142o\u015bci Boga.<br>Ukrzy\u017cowany wyci\u0105ga ramiona, by ci\u0119 przyci\u0105gn\u0105\u0107 do swego Serca. Pragnie twego \u017cycia, by ci\u0119 obdarzy\u0107 swoim w\u0142asnym.<\/p>\n\n\n\n<p class=\"has-text-align-center\"><strong>Ave Crux, Spes unica!<\/strong><\/p>\n\n\n\n<p>Krzy\u017c jest drog\u0105, kt\u00f3ra z ziemi prowadzi do nieba. Kto obejmuje go z wiar\u0105, nadziej\u0105 i mi\u0142o\u015bci\u0105, ten zostanie uniesiony wzwy\u017c, a\u017c na \u0142ono Tr\u00f3jcy Przenaj\u015bwi\u0119tszej.<\/p>\n\n\n\n<div class=\"wp-container-3 wp-block-buttons\">\n<div class=\"wp-block-button aligncenter is-style-outline\"><a class=\"wp-block-button__link\" href=\"http:\/\/www.karmeloswiecim.opw.pl\/?page_id=2669(otworzy si\u0119 w nowej karcie)\">Przeczytaj ca\u0142o\u015b\u0107 tekstu<\/a><\/div>\n<\/div>\n\n\n\n<figure class=\"wp-container-5 wp-block-gallery-4 wp-block-gallery has-nested-images columns-3 is-cropped\">\n<figure class=\"wp-block-image size-large\"><a href=\"http:\/\/www.karmeloswiecim.opw.pl\/wp-content\/uploads\/2022\/07\/oboz.jpg\"><img loading=\"lazy\" width=\"818\" height=\"460\" data-id=\"2586\"  src=\"http:\/\/www.karmeloswiecim.opw.pl\/wp-content\/uploads\/2022\/07\/oboz.jpg\" alt=\"\" class=\"wp-image-2586\" srcset=\"https:\/\/www.karmeloswiecim.opw.pl\/wp-content\/uploads\/2022\/07\/oboz.jpg 818w, https:\/\/www.karmeloswiecim.opw.pl\/wp-content\/uploads\/2022\/07\/oboz-768x432.jpg 768w\" sizes=\"(max-width: 706px) 89vw, (max-width: 767px) 82vw, 740px\" \/><\/a><\/figure>\n\n\n\n<figure class=\"wp-block-image size-large\"><a href=\"http:\/\/www.karmeloswiecim.opw.pl\/wp-content\/uploads\/2022\/09\/IMG_20220807_142344-rotated.jpg\"><img loading=\"lazy\" width=\"1085\" height=\"1931\" data-id=\"2656\"  src=\"http:\/\/www.karmeloswiecim.opw.pl\/wp-content\/uploads\/2022\/09\/IMG_20220807_142344-rotated.jpg\" alt=\"\" class=\"wp-image-2656\" srcset=\"https:\/\/www.karmeloswiecim.opw.pl\/wp-content\/uploads\/2022\/09\/IMG_20220807_142344-rotated.jpg 1085w, https:\/\/www.karmeloswiecim.opw.pl\/wp-content\/uploads\/2022\/09\/IMG_20220807_142344-674x1200.jpg 674w, https:\/\/www.karmeloswiecim.opw.pl\/wp-content\/uploads\/2022\/09\/IMG_20220807_142344-768x1367.jpg 768w, https:\/\/www.karmeloswiecim.opw.pl\/wp-content\/uploads\/2022\/09\/IMG_20220807_142344-863x1536.jpg 863w\" sizes=\"(max-width: 706px) 89vw, (max-width: 767px) 82vw, 740px\" \/><\/a><\/figure>\n\n\n\n<figure class=\"wp-block-image size-large\"><a href=\"http:\/\/www.karmeloswiecim.opw.pl\/wp-content\/uploads\/2022\/09\/IMG_20220806_184401-rotated.jpg\"><img loading=\"lazy\" width=\"1085\" height=\"1931\" data-id=\"2658\"  src=\"http:\/\/www.karmeloswiecim.opw.pl\/wp-content\/uploads\/2022\/09\/IMG_20220806_184401-rotated.jpg\" alt=\"\" class=\"wp-image-2658\" srcset=\"https:\/\/www.karmeloswiecim.opw.pl\/wp-content\/uploads\/2022\/09\/IMG_20220806_184401-rotated.jpg 1085w, https:\/\/www.karmeloswiecim.opw.pl\/wp-content\/uploads\/2022\/09\/IMG_20220806_184401-674x1200.jpg 674w, https:\/\/www.karmeloswiecim.opw.pl\/wp-content\/uploads\/2022\/09\/IMG_20220806_184401-768x1367.jpg 768w, https:\/\/www.karmeloswiecim.opw.pl\/wp-content\/uploads\/2022\/09\/IMG_20220806_184401-863x1536.jpg 863w\" sizes=\"(max-width: 706px) 89vw, (max-width: 767px) 82vw, 740px\" \/><\/a><\/figure>\n<\/figure>\n\n\n\n<div class=\"wp-block-cover is-light\" style=\"min-height:630px\"><span aria-hidden=\"true\" class=\"wp-block-cover__background has-background-dim\"><\/span><img loading=\"lazy\" width=\"475\" height=\"689\" class=\"wp-block-cover__image-background wp-image-2576\" alt=\"\" src=\"http:\/\/www.karmeloswiecim.opw.pl\/wp-content\/uploads\/2022\/07\/1.jpg\" style=\"object-position:26% 12%\" data-object-fit=\"cover\" data-object-position=\"26% 12%\"\/><div class=\"wp-block-cover__inner-container\">\n<div class=\"wp-container-6 wp-block-buttons\"><\/div>\n\n\n\n<p class=\"has-text-align-center has-white-color has-text-color has-medium-font-size\"><br><br><br><br><br><br><br><br><br><br>\u201eWn\u0119trze cz\u0142owieka widzi przecie\u017c tylko B\u00f3g. On widzi z\u0142o, ale widzi r\u00f3wnie\u017c najmniejsze ziarnko z\u0142ota, kt\u00f3re nam cz\u0119sto umyka, a zawsze przecie\u017c gdzie\u015b jest. Uwierz w to ziarnko w ka\u017cdym cz\u0142owieku i na nie skieruj sw\u00f3j wzrok.\u201d <br>                                                              \u015bw. Teresa Benedykta od Krzy\u017ca<\/p>\n\n\n\n<div class=\"wp-container-7 is-content-justification-center wp-block-buttons\">\n<div class=\"wp-block-button alignright\"><a class=\"wp-block-button__link\" href=\"http:\/\/www.karmeloswiecim.opw.pl\/?page_id=3043(otworzy si\u0119 w nowej karcie)\" target=\"_blank\" rel=\"noreferrer noopener\">\u015awiadectwo<\/a><\/div>\n<\/div>\n\n\n\n<div class=\"wp-container-8 wp-block-buttons\"><\/div>\n<\/div><\/div>\n\n\n\n<h2 class=\"has-text-align-center has-vivid-red-color has-text-color\">Nowenna   31. 07- 08. 08<\/h2>\n\n\n\n<p class=\"has-text-align-center\"><br><a href=\"http:\/\/www.karmeloswiecim.opw.pl\/?p=2593\">Dzie\u0144 pierwszy<\/a><br><a href=\"http:\/\/www.karmeloswiecim.opw.pl\/?p=2599\">Dzie\u0144 drugi<\/a><br><a href=\"http:\/\/www.karmeloswiecim.opw.pl\/?p=2604\">Dzie\u0144 trzeci<\/a><br><a href=\"http:\/\/www.karmeloswiecim.opw.pl\/?p=2606\">Dzie\u0144 czwarty<\/a><br><a href=\"http:\/\/www.karmeloswiecim.opw.pl\/?p=2608(otworzy si\u0119 w nowej karcie)\">Dzie\u0144 pi\u0105ty<\/a><br><a href=\"http:\/\/www.karmeloswiecim.opw.pl\/?p=2617(otworzy si\u0119 w nowej karcie)\">Dzie\u0144 sz\u00f3sty<\/a><br><a href=\"http:\/\/www.karmeloswiecim.opw.pl\/?p=2619(otworzy si\u0119 w nowej karcie)\">Dzie\u0144 si\u00f3dmy<\/a><br><a href=\"http:\/\/www.karmeloswiecim.opw.pl\/?p=2625(otworzy si\u0119 w nowej karcie)\">Dzie\u0144 \u00f3smy<\/a><br><a href=\"http:\/\/www.karmeloswiecim.opw.pl\/?p=2627\">Dzie\u0144 dziewi\u0105ty<\/a><\/p>\n\n\n\n<figure class=\"wp-container-10 wp-block-gallery-9 wp-block-gallery has-nested-images columns-default is-cropped\">\n<figure class=\"wp-block-image size-full\"><a href=\"http:\/\/www.karmeloswiecim.opw.pl\/wp-content\/uploads\/2022\/09\/IMG_20220806_184539.jpg\"><img loading=\"lazy\" width=\"1931\" height=\"1085\" data-id=\"2659\"  src=\"http:\/\/www.karmeloswiecim.opw.pl\/wp-content\/uploads\/2022\/09\/IMG_20220806_184539.jpg\" alt=\"\" class=\"wp-image-2659\" srcset=\"https:\/\/www.karmeloswiecim.opw.pl\/wp-content\/uploads\/2022\/09\/IMG_20220806_184539.jpg 1931w, https:\/\/www.karmeloswiecim.opw.pl\/wp-content\/uploads\/2022\/09\/IMG_20220806_184539-1200x674.jpg 1200w, https:\/\/www.karmeloswiecim.opw.pl\/wp-content\/uploads\/2022\/09\/IMG_20220806_184539-768x432.jpg 768w, https:\/\/www.karmeloswiecim.opw.pl\/wp-content\/uploads\/2022\/09\/IMG_20220806_184539-1536x863.jpg 1536w\" sizes=\"(max-width: 706px) 89vw, (max-width: 767px) 82vw, 740px\" \/><\/a><\/figure>\n<\/figure>\n\n\n\n<div class=\"wp-container-11 wp-block-buttons\">\n<div class=\"wp-block-button aligncenter is-style-outline\"><a class=\"wp-block-button__link\" href=\"http:\/\/www.karmeloswiecim.opw.pl\/?p=2646(otworzy si\u0119 w nowej karcie)\">80. rocznica narodzin dla nieba \u015bw. Edyty Stein &#8211; 9 VIII 2022r.<\/a><\/div>\n\n\n\n<div class=\"wp-block-button aligncenter is-style-outline\"><a class=\"wp-block-button__link\" href=\"http:\/\/www.karmeloswiecim.opw.pl\/?p=2730(otworzy si\u0119 w nowej karcie)\">9 VIII 2023r.<\/a><\/div>\n\n\n\n<div class=\"wp-block-button aligncenter is-style-outline\"><a class=\"wp-block-button__link\" href=\"http:\/\/www.karmeloswiecim.opw.pl\/?p=2901(otworzy si\u0119 w nowej karcie)\">9 VIII 2024r.<\/a><\/div>\n<\/div>\n\n\n\n<div class=\"wp-container-12 is-horizontal is-content-justification-center wp-block-buttons\"><\/div>\n\n\n\n<p><\/p>\n\n\n\n<figure class=\"wp-block-embed is-type-video is-provider-youtube wp-block-embed-youtube wp-embed-aspect-9-16 wp-has-aspect-ratio\"><div class=\"wp-block-embed__wrapper\">\n<iframe loading=\"lazy\" title=\"80. rocznica narodzin dla nieba \u015bw. Edyty Stein\" width=\"443\" height=\"788\" src=\"https:\/\/www.youtube.com\/embed\/s3GVnYjG_8g?feature=oembed\" frameborder=\"0\" allow=\"accelerometer; autoplay; clipboard-write; encrypted-media; gyroscope; picture-in-picture; web-share\" referrerpolicy=\"strict-origin-when-cross-origin\" allowfullscreen><\/iframe>\n<\/div><\/figure>\n\n\n\n<p><\/p>\n","protected":false},"excerpt":{"rendered":"<p>Egzorta na dzie\u0144 Podwy\u017cszenia Krzy\u017canapisana na pro\u015bb\u0119 przeoryszy Karmelu w Echt w zwi\u0105zku z odnowieniem \u015blub\u00f3w zakonnych 19.09.1939 Ave Crux, spes unica \u201cPozdrawiamy Ci\u0119, Krzy\u017cu \u015bwi\u0119ty, jedyna nasza nadziejo!\u201d Rozwa\u017c dobrze! \u015awiat stoi w ogniu: walka Chrystusa z Antychrystem wyra\u017anie si\u0119 zaostrzy\u0142a; dlatego, je\u015bli decydujesz si\u0119 sta\u0107 po stronie Pana, mo\u017cesz zosta\u0107 wezwan\u0105 nawet do &hellip; <\/p>\n<p class=\"link-more\"><a href=\"https:\/\/www.karmeloswiecim.opw.pl\/?page_id=2668\" class=\"more-link\">Czytaj dalej<span class=\"screen-reader-text\"> \u015aw. Teresa Benedykta od Krzy\u017ca (Edyta Stein)<\/span><\/a><\/p>\n","protected":false},"author":3,"featured_media":0,"parent":0,"menu_order":0,"comment_status":"closed","ping_status":"closed","template":"","meta":[],"_links":{"self":[{"href":"https:\/\/www.karmeloswiecim.opw.pl\/index.php?rest_route=\/wp\/v2\/pages\/2668"}],"collection":[{"href":"https:\/\/www.karmeloswiecim.opw.pl\/index.php?rest_route=\/wp\/v2\/pages"}],"about":[{"href":"https:\/\/www.karmeloswiecim.opw.pl\/index.php?rest_route=\/wp\/v2\/types\/page"}],"author":[{"embeddable":true,"href":"https:\/\/www.karmeloswiecim.opw.pl\/index.php?rest_route=\/wp\/v2\/users\/3"}],"replies":[{"embeddable":true,"href":"https:\/\/www.karmeloswiecim.opw.pl\/index.php?rest_route=%2Fwp%2Fv2%2Fcomments&post=2668"}],"version-history":[{"count":10,"href":"https:\/\/www.karmeloswiecim.opw.pl\/index.php?rest_route=\/wp\/v2\/pages\/2668\/revisions"}],"predecessor-version":[{"id":3050,"href":"https:\/\/www.karmeloswiecim.opw.pl\/index.php?rest_route=\/wp\/v2\/pages\/2668\/revisions\/3050"}],"wp:attachment":[{"href":"https:\/\/www.karmeloswiecim.opw.pl\/index.php?rest_route=%2Fwp%2Fv2%2Fmedia&parent=2668"}],"curies":[{"name":"wp","href":"https:\/\/api.w.org\/{rel}","templated":true}]}}