{"id":136,"date":"2011-04-25T19:50:43","date_gmt":"2011-04-25T19:50:43","guid":{"rendered":"http:\/\/www.karmeloswiecim.opw.pl\/?page_id=136"},"modified":"2023-10-18T08:18:17","modified_gmt":"2023-10-18T08:18:17","slug":"we-wspolnocie-swietych","status":"publish","type":"page","link":"https:\/\/www.karmeloswiecim.opw.pl\/?page_id=136","title":{"rendered":"We wsp\u00f3lnocie \u015bwi\u0119tych"},"content":{"rendered":"<p lang=\"zxx\" align=\"center\"><span style=\"font-family: Gabriola, fantasy;\"><span style=\"font-size: x-large;\"><span style=\"color: #333333;\">Ka\u017cdego dnia przypominamy sobie, \u017ce jeste\u015bmy w drodze do Domu Ojca. Przez nasze \u017cycie oddane Bogu mamy tam przyprowadzi\u0107 z sob\u0105 tych, kt\u00f3rych On powierzy\u0142 naszym modlitwom. W tej pielgrzymce wspomagaj\u0105 nas \u015awi\u0119ci Bracia i Siostry, kt\u00f3rzy ju\u017c raduj\u0105 si\u0119 wiecznym szcz\u0119\u015bciem. Pami\u0119tamy tak\u017ce o tych , kt\u00f3rzy przebywaj\u0105 w czy\u015b\u0107cu i oczekuj\u0105, a\u017c bramy nieba otworz\u0105 si\u0119 przed nimi. R\u00f3\u017cne s\u0105 nasze \u017cyciowe historie, r\u00f3\u017cne charaktery, trudno\u015bci, rado\u015bci i smutki, ale mamy jeden cel, zd\u0105\u017camy do Boga Ojca. A prowadzi nas tam droga B\u0142ogos\u0142awie\u0144stw, droga Krzy\u017ca.<\/span> <\/span><\/span><\/p>\n<p lang=\"zxx\" align=\"center\">\n<\/p><p><em><span style=\"font-size: medium;\">&nbsp;<\/span><\/em><\/p>\n\n\n<div class=\"wp-container-1 wp-block-buttons\"><\/div>\n\n\n\n<figure class=\"wp-container-3 wp-block-gallery-2 wp-block-gallery has-nested-images columns-default is-cropped\">\n<figure class=\"wp-block-image size-large\"><img loading=\"lazy\" width=\"428\" height=\"567\" data-id=\"2577\"  src=\"http:\/\/www.karmeloswiecim.opw.pl\/wp-content\/uploads\/2022\/07\/2.jpg\" alt=\"\" class=\"wp-image-2577\"\/><figcaption><a href=\"http:\/\/www.karmeloswiecim.opw.pl\/?page_id=2668\"><strong>\u015aw. Teresa Benedykta od Krzy\u017ca<\/strong><\/a><\/figcaption><\/figure>\n\n\n\n<figure class=\"wp-block-image size-large\"><img loading=\"lazy\" width=\"346\" height=\"476\" data-id=\"2710\"  src=\"http:\/\/www.karmeloswiecim.opw.pl\/wp-content\/uploads\/2023\/08\/108-IIws.jpg\" alt=\"\" class=\"wp-image-2710\"\/><figcaption><a href=\"http:\/\/www.karmeloswiecim.opw.pl\/?page_id=2716(otworzy si\u0119 w nowej karcie)\">M\u0119czennicy II wojny \u015bwiatowej<\/a><\/figcaption><\/figure>\n\n\n\n<figure class=\"wp-block-image size-large\"><img loading=\"lazy\" width=\"290\" height=\"392\" data-id=\"2133\"  src=\"http:\/\/www.karmeloswiecim.opw.pl\/wp-content\/uploads\/2019\/09\/teresa4.jpg\" alt=\"\" class=\"wp-image-2133\" srcset=\"https:\/\/www.karmeloswiecim.opw.pl\/wp-content\/uploads\/2019\/09\/teresa4.jpg 290w, https:\/\/www.karmeloswiecim.opw.pl\/wp-content\/uploads\/2019\/09\/teresa4-222x300.jpg 222w\" sizes=\"(max-width: 290px) 100vw, 290px\" \/><figcaption><a href=\"http:\/\/www.karmeloswiecim.opw.pl\/?page_id=2758\">\u015bw. Teresa od Dzieci\u0105tka Jezus i Naj\u015bwi\u0119tszego Oblicza<\/a><\/figcaption><\/figure>\n<\/figure>\n","protected":false},"excerpt":{"rendered":"<p>Ka\u017cdego dnia przypominamy sobie, \u017ce jeste\u015bmy w drodze do Domu Ojca. Przez nasze \u017cycie oddane Bogu mamy tam przyprowadzi\u0107 z sob\u0105 tych, kt\u00f3rych On powierzy\u0142 naszym modlitwom. W tej pielgrzymce wspomagaj\u0105 nas \u015awi\u0119ci Bracia i Siostry, kt\u00f3rzy ju\u017c raduj\u0105 si\u0119 wiecznym szcz\u0119\u015bciem. Pami\u0119tamy tak\u017ce o tych , kt\u00f3rzy przebywaj\u0105 w czy\u015b\u0107cu i oczekuj\u0105, a\u017c bramy &hellip; <\/p>\n<p class=\"link-more\"><a href=\"https:\/\/www.karmeloswiecim.opw.pl\/?page_id=136\" class=\"more-link\">Czytaj dalej<span class=\"screen-reader-text\"> We wsp\u00f3lnocie \u015bwi\u0119tych<\/span><\/a><\/p>\n","protected":false},"author":1,"featured_media":0,"parent":30,"menu_order":38,"comment_status":"closed","ping_status":"closed","template":"","meta":[],"_links":{"self":[{"href":"https:\/\/www.karmeloswiecim.opw.pl\/index.php?rest_route=\/wp\/v2\/pages\/136"}],"collection":[{"href":"https:\/\/www.karmeloswiecim.opw.pl\/index.php?rest_route=\/wp\/v2\/pages"}],"about":[{"href":"https:\/\/www.karmeloswiecim.opw.pl\/index.php?rest_route=\/wp\/v2\/types\/page"}],"author":[{"embeddable":true,"href":"https:\/\/www.karmeloswiecim.opw.pl\/index.php?rest_route=\/wp\/v2\/users\/1"}],"replies":[{"embeddable":true,"href":"https:\/\/www.karmeloswiecim.opw.pl\/index.php?rest_route=%2Fwp%2Fv2%2Fcomments&post=136"}],"version-history":[{"count":12,"href":"https:\/\/www.karmeloswiecim.opw.pl\/index.php?rest_route=\/wp\/v2\/pages\/136\/revisions"}],"predecessor-version":[{"id":2822,"href":"https:\/\/www.karmeloswiecim.opw.pl\/index.php?rest_route=\/wp\/v2\/pages\/136\/revisions\/2822"}],"up":[{"embeddable":true,"href":"https:\/\/www.karmeloswiecim.opw.pl\/index.php?rest_route=\/wp\/v2\/pages\/30"}],"wp:attachment":[{"href":"https:\/\/www.karmeloswiecim.opw.pl\/index.php?rest_route=%2Fwp%2Fv2%2Fmedia&parent=136"}],"curies":[{"name":"wp","href":"https:\/\/api.w.org\/{rel}","templated":true}]}}