{"id":124,"date":"2011-04-25T19:34:37","date_gmt":"2011-04-25T19:34:37","guid":{"rendered":"http:\/\/www.karmeloswiecim.opw.pl\/?page_id=124"},"modified":"2020-09-25T06:43:54","modified_gmt":"2020-09-25T06:43:54","slug":"w-ciszy-i-samotnosci","status":"publish","type":"page","link":"https:\/\/www.karmeloswiecim.opw.pl\/?page_id=124","title":{"rendered":"W ciszy i samotno\u015bci"},"content":{"rendered":"\n<ul class=\"wp-container-2 wp-block-gallery-1 wp-block-gallery columns-1 is-cropped\"><li class=\"blocks-gallery-item\"><figure><img loading=\"lazy\" width=\"1075\" height=\"671\" src=\"http:\/\/www.karmeloswiecim.opw.pl\/wp-content\/uploads\/2020\/09\/fot1..jpg\" alt=\"\" data-id=\"2261\" data-link=\"http:\/\/www.karmeloswiecim.opw.pl\/?attachment_id=2261\" class=\"wp-image-2261\" srcset=\"https:\/\/www.karmeloswiecim.opw.pl\/wp-content\/uploads\/2020\/09\/fot1..jpg 1075w, https:\/\/www.karmeloswiecim.opw.pl\/wp-content\/uploads\/2020\/09\/fot1.-768x479.jpg 768w\" sizes=\"(max-width: 706px) 89vw, (max-width: 767px) 82vw, 740px\" \/><\/figure><\/li><\/ul>\n\n\n<p style=\"text-align: center;\"><span style=\"font-family: Gabriola, fantasy;\"><span style=\"font-size: x-large;\"><span style=\"color: #222222;\">&#8222;<\/span><span style=\"color: #222222;\">Jedno S\u0142owo wypowiedzia\u0142 Ojciec, kt\u00f3rym jest Jego Syn, i to S\u0142owo wypowiada nieustannie w wieczystym milczeniu. W milczeniu te\u017c powinna s\u0142ucha\u0107 Go dusza.&#8221; <\/span><\/span><\/span><\/p>\n<p lang=\"zxx\" style=\"text-align: center;\" align=\"center\"><span style=\"color: #222222;\"> <span style=\"font-family: Gabriola, fantasy;\"><span style=\"font-size: x-large;\">\u015bw.Jan od Krzy\u017ca<\/span><\/span><\/span><\/p>\n<p lang=\"zxx\" align=\"center\">\n<\/p><p lang=\"zxx\" align=\"center\"><span style=\"font-size: x-large; font-family: Gabriola, fantasy;\">Cisza nie jest nie-m\u00f3wieniem, a samotno\u015b\u0107 nie jest izolacj\u0105.<\/span><\/p>\n<p lang=\"zxx\" align=\"center\"><span style=\"color: #333333;\"><span style=\"font-family: Gabriola, fantasy;\"><span style=\"font-size: x-large;\">Cisza zewn\u0119trzna potrzebna jest nam, by s\u0142ysze\u0107 Boga w naszych sercach, a samotno\u015b\u0107 po to, by bardziej m\u00f3c ogarn\u0105\u0107 b\u00f3le i troski ludzi \u017cyj\u0105cych w \u015bwiecie. Tylko serce wolne od zgie\u0142ku mo\u017ce zrozumie\u0107 Bo\u017ce S\u0142owa, tylko serce oderwane i wolne mo\u017ce kocha\u0107 prawdziwie.<\/span><\/span><\/span><\/p>\n<p lang=\"zxx\" align=\"center\"><em><span style=\"color: #333333;\">?<\/span><\/em><em><span style=\"color: #333333;\"><span style=\"font-family: Gabriola, fantasy;\"><span style=\"font-size: x-large;\"><i>Chcesz Jezu, abym w samotno\u015bci Karmelu by\u0142a ?\u015bwiat\u0142em \u015bwiata?, ukryta, ale nieukryta. Wejrzyj w ciemno\u015bci mego serca, sp\u00f3jrz na samo dno, na ten pal\u0105cy si\u0119 male\u0144ki p\u0142omyk i ochro\u0144 go przed zga\u015bni\u0119ciem. Daj mi si\u0142y, abym umia\u0142a go podnie\u015b\u0107 wy\u017cej, aby nie by\u0142 na samym dnie, tylko ja\u015bnia\u0142 i \u015bwieci\u0142 dla innych??<\/i><\/span><\/span><\/span><\/em><\/p>","protected":false},"excerpt":{"rendered":"<p>&#8222;Jedno S\u0142owo wypowiedzia\u0142 Ojciec, kt\u00f3rym jest Jego Syn, i to S\u0142owo wypowiada nieustannie w wieczystym milczeniu. W milczeniu te\u017c powinna s\u0142ucha\u0107 Go dusza.&#8221; \u015bw.Jan od Krzy\u017ca Cisza nie jest nie-m\u00f3wieniem, a samotno\u015b\u0107 nie jest izolacj\u0105. Cisza zewn\u0119trzna potrzebna jest nam, by s\u0142ysze\u0107 Boga w naszych sercach, a samotno\u015b\u0107 po to, by bardziej m\u00f3c ogarn\u0105\u0107 b\u00f3le &hellip; <\/p>\n<p class=\"link-more\"><a href=\"https:\/\/www.karmeloswiecim.opw.pl\/?page_id=124\" class=\"more-link\">Czytaj dalej<span class=\"screen-reader-text\"> W ciszy i samotno\u015bci<\/span><\/a><\/p>\n","protected":false},"author":1,"featured_media":0,"parent":30,"menu_order":36,"comment_status":"closed","ping_status":"closed","template":"","meta":[],"_links":{"self":[{"href":"https:\/\/www.karmeloswiecim.opw.pl\/index.php?rest_route=\/wp\/v2\/pages\/124"}],"collection":[{"href":"https:\/\/www.karmeloswiecim.opw.pl\/index.php?rest_route=\/wp\/v2\/pages"}],"about":[{"href":"https:\/\/www.karmeloswiecim.opw.pl\/index.php?rest_route=\/wp\/v2\/types\/page"}],"author":[{"embeddable":true,"href":"https:\/\/www.karmeloswiecim.opw.pl\/index.php?rest_route=\/wp\/v2\/users\/1"}],"replies":[{"embeddable":true,"href":"https:\/\/www.karmeloswiecim.opw.pl\/index.php?rest_route=%2Fwp%2Fv2%2Fcomments&post=124"}],"version-history":[{"count":11,"href":"https:\/\/www.karmeloswiecim.opw.pl\/index.php?rest_route=\/wp\/v2\/pages\/124\/revisions"}],"predecessor-version":[{"id":2392,"href":"https:\/\/www.karmeloswiecim.opw.pl\/index.php?rest_route=\/wp\/v2\/pages\/124\/revisions\/2392"}],"up":[{"embeddable":true,"href":"https:\/\/www.karmeloswiecim.opw.pl\/index.php?rest_route=\/wp\/v2\/pages\/30"}],"wp:attachment":[{"href":"https:\/\/www.karmeloswiecim.opw.pl\/index.php?rest_route=%2Fwp%2Fv2%2Fmedia&parent=124"}],"curies":[{"name":"wp","href":"https:\/\/api.w.org\/{rel}","templated":true}]}}